{"id":182,"date":"2018-07-03T17:22:51","date_gmt":"2018-07-03T15:22:51","guid":{"rendered":"https:\/\/autempssuspendu.net\/site\/?page_id=182"},"modified":"2018-08-29T16:28:41","modified_gmt":"2018-08-29T14:28:41","slug":"qui-suis-je-2","status":"publish","type":"page","link":"https:\/\/autempssuspendu.net\/site\/qui-suis-je-2\/","title":{"rendered":"Qui suis-je?"},"content":{"rendered":"<p style=\"text-align: left;\"><span style=\"font-weight: 300;\"><img loading=\"lazy\" class=\"wp-image-391 alignleft\" src=\"https:\/\/autempssuspendu.net\/site\/wp-content\/uploads\/2018\/07\/IMG_1319-2.jpg\" alt=\"\" width=\"169\" height=\"250\" \/>Je suis une\u00a0<\/span><strong>relaxologue, sophrologue et art-th\u00e9rapeute d\u00fbment dipl\u00f4m\u00e9e.<\/strong><span style=\"font-weight: 300;\">\u00a0Je suis profond\u00e9ment convaincue des bienfaits de ces techniques, les pratiquant sur moi-m\u00eame depuis quelques ann\u00e9es dans mon quotidien.<\/span><\/p>\n<p style=\"text-align: left;\">J&rsquo;ai cr\u00e9\u00e9e ce lieu pour r\u00e9pondre \u00e0 deux besoins primordiaux actuels\u00a0: Comment g\u00e9rer son stress dans une soci\u00e9t\u00e9 de plus en plus anxiog\u00e8ne\u00a0? Comment remettre l&rsquo;humain au centre de nos relations avec les autres\u00a0?<\/p>\n<p>&nbsp;<\/p>\n<p style=\"text-align: left;\">Je vois ce cabinet comme un lieu qui propose<strong> un moment suspendu<\/strong>, pour soi et \u00e0 soi. C&rsquo;est un lieu de d\u00e9couverte, d&rsquo;acceptation et de transformation personnelles, qui a comme fil rouge trois grands principes\u00a0:<strong> L&rsquo;\u00e9coute, le non-jugement, et le respect<\/strong>,\u00a0 trois valeurs qui me sont ch\u00e8res.<\/p>\n\n\t\t<style type=\"text\/css\">\n\t\t\t#gallery-1 {\n\t\t\t\tmargin: auto;\n\t\t\t}\n\t\t\t#gallery-1 .gallery-item {\n\t\t\t\tfloat: left;\n\t\t\t\tmargin-top: 10px;\n\t\t\t\ttext-align: center;\n\t\t\t\twidth: 33%;\n\t\t\t}\n\t\t\t#gallery-1 img {\n\t\t\t\tborder: 2px solid #cfcfcf;\n\t\t\t}\n\t\t\t#gallery-1 .gallery-caption {\n\t\t\t\tmargin-left: 0;\n\t\t\t}\n\t\t\t\/* see gallery_shortcode() in wp-includes\/media.php *\/\n\t\t<\/style>\n\t\t<div id='gallery-1' class='gallery galleryid-182 gallery-columns-3 gallery-size-large'><dl class='gallery-item'>\n\t\t\t<dt class='gallery-icon landscape'>\n\t\t\t\t<a href='https:\/\/autempssuspendu.net\/site\/coin-detente\/'><img width=\"678\" height=\"509\" src=\"https:\/\/autempssuspendu.net\/site\/wp-content\/uploads\/2018\/07\/coin-d\u00e9tente-1024x768.jpg\" class=\"attachment-large size-large\" alt=\"\" loading=\"lazy\" srcset=\"https:\/\/autempssuspendu.net\/site\/wp-content\/uploads\/2018\/07\/coin-d\u00e9tente-1024x768.jpg 1024w, https:\/\/autempssuspendu.net\/site\/wp-content\/uploads\/2018\/07\/coin-d\u00e9tente-300x225.jpg 300w, https:\/\/autempssuspendu.net\/site\/wp-content\/uploads\/2018\/07\/coin-d\u00e9tente-768x576.jpg 768w\" sizes=\"(max-width: 678px) 100vw, 678px\" \/><\/a>\n\t\t\t<\/dt><\/dl><dl class='gallery-item'>\n\t\t\t<dt class='gallery-icon landscape'>\n\t\t\t\t<a href='https:\/\/autempssuspendu.net\/site\/totem\/'><img width=\"678\" height=\"452\" src=\"https:\/\/autempssuspendu.net\/site\/wp-content\/uploads\/2018\/07\/totem-1024x683.jpg\" class=\"attachment-large size-large\" alt=\"\" loading=\"lazy\" srcset=\"https:\/\/autempssuspendu.net\/site\/wp-content\/uploads\/2018\/07\/totem-1024x683.jpg 1024w, https:\/\/autempssuspendu.net\/site\/wp-content\/uploads\/2018\/07\/totem-300x200.jpg 300w, https:\/\/autempssuspendu.net\/site\/wp-content\/uploads\/2018\/07\/totem-768x512.jpg 768w\" sizes=\"(max-width: 678px) 100vw, 678px\" \/><\/a>\n\t\t\t<\/dt><\/dl><dl class='gallery-item'>\n\t\t\t<dt class='gallery-icon landscape'>\n\t\t\t\t<a href='https:\/\/autempssuspendu.net\/site\/table-de-massage\/'><img width=\"678\" height=\"509\" src=\"https:\/\/autempssuspendu.net\/site\/wp-content\/uploads\/2018\/07\/table-de-massage-1024x768.jpg\" class=\"attachment-large size-large\" alt=\"\" loading=\"lazy\" srcset=\"https:\/\/autempssuspendu.net\/site\/wp-content\/uploads\/2018\/07\/table-de-massage-1024x768.jpg 1024w, https:\/\/autempssuspendu.net\/site\/wp-content\/uploads\/2018\/07\/table-de-massage-300x225.jpg 300w, https:\/\/autempssuspendu.net\/site\/wp-content\/uploads\/2018\/07\/table-de-massage-768x576.jpg 768w\" sizes=\"(max-width: 678px) 100vw, 678px\" \/><\/a>\n\t\t\t<\/dt><\/dl><br style=\"clear: both\" \/>\n\t\t<\/div>\n\n","protected":false},"excerpt":{"rendered":"<p>Je suis une\u00a0relaxologue, sophrologue et art-th\u00e9rapeute d\u00fbment dipl\u00f4m\u00e9e.\u00a0Je suis profond\u00e9ment convaincue des bienfaits de ces techniques, les pratiquant sur moi-m\u00eame depuis quelques ann\u00e9es dans mon quotidien. J&rsquo;ai cr\u00e9\u00e9e ce lieu <a class=\"more-link\" href=\"https:\/\/autempssuspendu.net\/site\/qui-suis-je-2\/\">Lire la suite \u2192<\/a><\/p>\n","protected":false},"author":2,"featured_media":0,"parent":0,"menu_order":0,"comment_status":"closed","ping_status":"closed","template":"","meta":[],"_links":{"self":[{"href":"https:\/\/autempssuspendu.net\/site\/wp-json\/wp\/v2\/pages\/182"}],"collection":[{"href":"https:\/\/autempssuspendu.net\/site\/wp-json\/wp\/v2\/pages"}],"about":[{"href":"https:\/\/autempssuspendu.net\/site\/wp-json\/wp\/v2\/types\/page"}],"author":[{"embeddable":true,"href":"https:\/\/autempssuspendu.net\/site\/wp-json\/wp\/v2\/users\/2"}],"replies":[{"embeddable":true,"href":"https:\/\/autempssuspendu.net\/site\/wp-json\/wp\/v2\/comments?post=182"}],"version-history":[{"count":12,"href":"https:\/\/autempssuspendu.net\/site\/wp-json\/wp\/v2\/pages\/182\/revisions"}],"predecessor-version":[{"id":493,"href":"https:\/\/autempssuspendu.net\/site\/wp-json\/wp\/v2\/pages\/182\/revisions\/493"}],"wp:attachment":[{"href":"https:\/\/autempssuspendu.net\/site\/wp-json\/wp\/v2\/media?parent=182"}],"curies":[{"name":"wp","href":"https:\/\/api.w.org\/{rel}","templated":true}]}}