{"id":188,"date":"2018-07-03T17:33:17","date_gmt":"2018-07-03T15:33:17","guid":{"rendered":"https:\/\/autempssuspendu.net\/site\/?page_id=188"},"modified":"2023-02-12T11:33:04","modified_gmt":"2023-02-12T10:33:04","slug":"les-massages-relaxants","status":"publish","type":"page","link":"https:\/\/autempssuspendu.net\/site\/les-massages-relaxants\/","title":{"rendered":"Les Massages-Relaxants"},"content":{"rendered":"<p><strong><span style=\"font-size: 12pt;\">\u00a0Pourquoi venir se faire masser\u00a0?<\/span><\/strong><\/p>\n<p><span style=\"font-size: 12pt;\"> De mani\u00e8re g\u00e9n\u00e9rale, le massage permet de se ressourcer, de r\u00e9cup\u00e9rer son \u00e9nergie physique et mentale. C&rsquo;est pourquoi il joue un r\u00f4le dans le renforcement ou dans l&rsquo;am\u00e9lioration des d\u00e9fenses naturelles de notre corps. Il permet \u00e9galement de lib\u00e9rer les tensions physiques et psychiques de notre corps et notre esprit. Il joue donc un r\u00f4le essentiel dans la pr\u00e9vention et la gestion du stress et de l&rsquo;anxi\u00e9t\u00e9.<\/span><\/p>\n<p><strong>Les diff\u00e9rents massages-relaxants<\/strong><\/p>\n<ul>\n<li>La Relax Podale<\/li>\n<li>La Polarit\u00e9 de Gordon<\/li>\n<li>Le Massage-Auyrv\u00e9da<\/li>\n<li>Le Massage-Balinais<\/li>\n<li>Le Shirodhara<\/li>\n<li>Les Pauses Relaxantes&#8230;<\/li>\n<\/ul>\n<p>&nbsp;<\/p>\n","protected":false},"excerpt":{"rendered":"<p>\u00a0Pourquoi venir se faire masser\u00a0? De mani\u00e8re g\u00e9n\u00e9rale, le massage permet de se ressourcer, de r\u00e9cup\u00e9rer son \u00e9nergie physique et mentale. C&rsquo;est pourquoi il joue un r\u00f4le dans le renforcement <a class=\"more-link\" href=\"https:\/\/autempssuspendu.net\/site\/les-massages-relaxants\/\">Lire la suite \u2192<\/a><\/p>\n","protected":false},"author":2,"featured_media":0,"parent":0,"menu_order":0,"comment_status":"closed","ping_status":"closed","template":"","meta":[],"_links":{"self":[{"href":"https:\/\/autempssuspendu.net\/site\/wp-json\/wp\/v2\/pages\/188"}],"collection":[{"href":"https:\/\/autempssuspendu.net\/site\/wp-json\/wp\/v2\/pages"}],"about":[{"href":"https:\/\/autempssuspendu.net\/site\/wp-json\/wp\/v2\/types\/page"}],"author":[{"embeddable":true,"href":"https:\/\/autempssuspendu.net\/site\/wp-json\/wp\/v2\/users\/2"}],"replies":[{"embeddable":true,"href":"https:\/\/autempssuspendu.net\/site\/wp-json\/wp\/v2\/comments?post=188"}],"version-history":[{"count":6,"href":"https:\/\/autempssuspendu.net\/site\/wp-json\/wp\/v2\/pages\/188\/revisions"}],"predecessor-version":[{"id":549,"href":"https:\/\/autempssuspendu.net\/site\/wp-json\/wp\/v2\/pages\/188\/revisions\/549"}],"wp:attachment":[{"href":"https:\/\/autempssuspendu.net\/site\/wp-json\/wp\/v2\/media?parent=188"}],"curies":[{"name":"wp","href":"https:\/\/api.w.org\/{rel}","templated":true}]}}