{"id":203,"date":"2018-07-03T18:13:01","date_gmt":"2018-07-03T16:13:01","guid":{"rendered":"https:\/\/autempssuspendu.net\/site\/?page_id=203"},"modified":"2023-02-12T11:20:06","modified_gmt":"2023-02-12T10:20:06","slug":"la-polarite-de-gordon","status":"publish","type":"page","link":"https:\/\/autempssuspendu.net\/site\/la-polarite-de-gordon\/","title":{"rendered":"La Polarit\u00e9 de Gordon"},"content":{"rendered":"<p><span style=\"font-size: 12pt;\"><strong><img loading=\"lazy\" class=\"wp-image-397 alignleft\" src=\"https:\/\/autempssuspendu.net\/site\/wp-content\/uploads\/2018\/07\/polarit\u00e9e-1.jpg\" alt=\"\" width=\"272\" height=\"406\" \/>Qu&rsquo;est-ce donc\u00a0?<\/strong><\/span><br \/>\n<span style=\"font-size: 12pt;\">Cette technique a \u00e9t\u00e9 d\u00e9velopp\u00e9e par le Dr Randolphe Stone. Elle est la synth\u00e8se de trois m\u00e9decines traditionnelles\u00a0:<strong> la m\u00e9decine ayurv\u00e9dique, \u00e9gyptienne et chinoise<\/strong>. Ce massage doux permet de r\u00e9\u00e9quilibrer l&rsquo;\u00e9nergie vitale, aussi appel\u00e9e force de vie, par le biais de micro-mouvements. Cette technique enveloppante permet de se relaxer en\u00a0<\/span><span style=\"font-size: 12pt;\">profondeur et de se sentir plus ancr\u00e9.<\/span><\/p>\n<p>&nbsp;<\/p>\n<p>&nbsp;<\/p>\n<p>&nbsp;<\/p>\n<p>&nbsp;<\/p>\n<p><span style=\"font-size: 12pt;\"><strong>Elle est id\u00e9ale\u00a0\u2026<\/strong><\/span><br \/>\n<span style=\"font-size: 12pt;\">-Pour att\u00e9nuer les petits maux courant\u00a0: maux de ventre, maux de t\u00eate, maux de dos&#8230; -Pour les personnes ayant des troubles du sommeil -Pour les personnes stress\u00e9es, \u00e9puis\u00e9es physiquement et psychiquement. -Les d\u00e9pressions et burn-out -Avant et apr\u00e8s une anesth\u00e9sie g\u00e9n\u00e9rale ( Pr\u00e9 et post op\u00e9ratoire) -Apr\u00e8s un accouchement -En pr\u00e9 ou post m\u00e9nopause.<\/span><\/p>\n<p><span style=\"font-size: 12pt;\"><strong>Les Bienfaits&#8230;<\/strong><\/span><br \/>\n<span style=\"font-size: 12pt;\">-\u00c9limination des tensions physiques et \u00e9motionnelles. -D\u00e9tente et relaxation en profondeur et diminution du stress. -Renforcement des d\u00e9fenses naturelles du Corps.<\/span><\/p>\n<p style=\"text-align: right;\"><strong><span style=\"font-size: 10pt;\">Dur\u00e9e: 50 minutes, 50 euros.<\/span><\/strong><\/p>\n<p style=\"text-align: right;\"><strong><span style=\"font-size: 10pt;\"> Avec\u00a0<span class=\"S1PPyQ\"> les points sp\u00e9cifiques<\/span>,\u00a0 Dur\u00e9e: 70 minutes,\u00a0 70 euros.<\/span><\/strong><\/p>\n","protected":false},"excerpt":{"rendered":"<p>Qu&rsquo;est-ce donc\u00a0? Cette technique a \u00e9t\u00e9 d\u00e9velopp\u00e9e par le Dr Randolphe Stone. Elle est la synth\u00e8se de trois m\u00e9decines traditionnelles\u00a0: la m\u00e9decine ayurv\u00e9dique, \u00e9gyptienne et chinoise. Ce massage doux permet <a class=\"more-link\" href=\"https:\/\/autempssuspendu.net\/site\/la-polarite-de-gordon\/\">Lire la suite \u2192<\/a><\/p>\n","protected":false},"author":2,"featured_media":0,"parent":0,"menu_order":0,"comment_status":"closed","ping_status":"closed","template":"","meta":[],"_links":{"self":[{"href":"https:\/\/autempssuspendu.net\/site\/wp-json\/wp\/v2\/pages\/203"}],"collection":[{"href":"https:\/\/autempssuspendu.net\/site\/wp-json\/wp\/v2\/pages"}],"about":[{"href":"https:\/\/autempssuspendu.net\/site\/wp-json\/wp\/v2\/types\/page"}],"author":[{"embeddable":true,"href":"https:\/\/autempssuspendu.net\/site\/wp-json\/wp\/v2\/users\/2"}],"replies":[{"embeddable":true,"href":"https:\/\/autempssuspendu.net\/site\/wp-json\/wp\/v2\/comments?post=203"}],"version-history":[{"count":8,"href":"https:\/\/autempssuspendu.net\/site\/wp-json\/wp\/v2\/pages\/203\/revisions"}],"predecessor-version":[{"id":546,"href":"https:\/\/autempssuspendu.net\/site\/wp-json\/wp\/v2\/pages\/203\/revisions\/546"}],"wp:attachment":[{"href":"https:\/\/autempssuspendu.net\/site\/wp-json\/wp\/v2\/media?parent=203"}],"curies":[{"name":"wp","href":"https:\/\/api.w.org\/{rel}","templated":true}]}}