{"id":206,"date":"2018-07-03T18:23:12","date_gmt":"2018-07-03T16:23:12","guid":{"rendered":"https:\/\/autempssuspendu.net\/site\/?page_id=206"},"modified":"2018-07-22T19:09:58","modified_gmt":"2018-07-22T17:09:58","slug":"la-relax-podale","status":"publish","type":"page","link":"https:\/\/autempssuspendu.net\/site\/la-relax-podale\/","title":{"rendered":"La Relax Podale"},"content":{"rendered":"<p><strong><span style=\"font-size: 12pt;\"><img loading=\"lazy\" class=\" wp-image-399 alignleft\" src=\"https:\/\/autempssuspendu.net\/site\/wp-content\/uploads\/2018\/07\/relax-podale.jpg\" alt=\"\" width=\"203\" height=\"216\" srcset=\"https:\/\/autempssuspendu.net\/site\/wp-content\/uploads\/2018\/07\/relax-podale.jpg 4378w, https:\/\/autempssuspendu.net\/site\/wp-content\/uploads\/2018\/07\/relax-podale-282x300.jpg 282w, https:\/\/autempssuspendu.net\/site\/wp-content\/uploads\/2018\/07\/relax-podale-768x817.jpg 768w, https:\/\/autempssuspendu.net\/site\/wp-content\/uploads\/2018\/07\/relax-podale-963x1024.jpg 963w\" sizes=\"(max-width: 203px) 100vw, 203px\" \/>Qu&rsquo;est-ce donc\u00a0?<\/span><\/strong><br \/>\n<span style=\"font-size: 12pt;\">Cette technique a pour but de faire circuler l&rsquo;\u00e9nergie de tout le corps, de renforcer le bon fonctionnement des diff\u00e9rents syst\u00e8mes et organes du corps, en stimulant leurs points de projections se situant au niveau des pieds. Ce massage des pieds travaille sur le syst\u00e8me nerveux ainsi que sur le plan \u00e9motionnel. Il a donc un fort pouvoir d\u00e9stressant et ressour\u00e7ant.<\/span><\/p>\n<p>&nbsp;<\/p>\n<p><strong><span style=\"font-size: 12pt;\">Elle est id\u00e9ale\u00a0\u2026<\/span><\/strong><br \/>\n<span style=\"font-size: 12pt;\">Pour les personnes se remettant d&rsquo;une journ\u00e9e ou d&rsquo;une semaine \u00e9puisante, aussi bien sur le plan physique, que psychique. Pour les personnes ayant du mal \u00e0 dormir\u00a0: insomnie, ou sommeil non r\u00e9cup\u00e9rateur. Pour la gestion des \u00e9motions et du stress.<\/span><\/p>\n<p><strong><span style=\"font-size: 12pt;\">Les Bienfaits&#8230;<\/span><\/strong><br \/>\n<span style=\"font-size: 12pt;\">&#8211; \u00e9limination des tensions physiques et \u00e9motionnelles &#8211; Ressour\u00e7ant -Renforce les d\u00e9fenses naturelles du corps &#8211; Accompagnement lors d&rsquo;une convalescence -Diminution du stress &#8211; Relaxation -Am\u00e9lioration du sommeil -Rel\u00e2chement des tensions\u00a0&#8230;<\/span><\/p>\n<p>&nbsp;<\/p>\n<p style=\"text-align: right;\"><strong><span style=\"font-size: 10pt;\">Dur\u00e9e: 50 minutes, 50 euros.<br \/>\n<\/span><\/strong><\/p>\n<p style=\"text-align: right;\"><strong><span style=\"font-size: 10pt;\"> Avec relaxation dur\u00e9e: 60 minutes, 60 euros.<\/span><\/strong><\/p>\n","protected":false},"excerpt":{"rendered":"<p>Qu&rsquo;est-ce donc\u00a0? Cette technique a pour but de faire circuler l&rsquo;\u00e9nergie de tout le corps, de renforcer le bon fonctionnement des diff\u00e9rents syst\u00e8mes et organes du corps, en stimulant leurs <a class=\"more-link\" href=\"https:\/\/autempssuspendu.net\/site\/la-relax-podale\/\">Lire la suite \u2192<\/a><\/p>\n","protected":false},"author":2,"featured_media":0,"parent":0,"menu_order":0,"comment_status":"closed","ping_status":"closed","template":"","meta":[],"_links":{"self":[{"href":"https:\/\/autempssuspendu.net\/site\/wp-json\/wp\/v2\/pages\/206"}],"collection":[{"href":"https:\/\/autempssuspendu.net\/site\/wp-json\/wp\/v2\/pages"}],"about":[{"href":"https:\/\/autempssuspendu.net\/site\/wp-json\/wp\/v2\/types\/page"}],"author":[{"embeddable":true,"href":"https:\/\/autempssuspendu.net\/site\/wp-json\/wp\/v2\/users\/2"}],"replies":[{"embeddable":true,"href":"https:\/\/autempssuspendu.net\/site\/wp-json\/wp\/v2\/comments?post=206"}],"version-history":[{"count":4,"href":"https:\/\/autempssuspendu.net\/site\/wp-json\/wp\/v2\/pages\/206\/revisions"}],"predecessor-version":[{"id":448,"href":"https:\/\/autempssuspendu.net\/site\/wp-json\/wp\/v2\/pages\/206\/revisions\/448"}],"wp:attachment":[{"href":"https:\/\/autempssuspendu.net\/site\/wp-json\/wp\/v2\/media?parent=206"}],"curies":[{"name":"wp","href":"https:\/\/api.w.org\/{rel}","templated":true}]}}