{"id":208,"date":"2018-07-03T18:29:35","date_gmt":"2018-07-03T16:29:35","guid":{"rendered":"https:\/\/autempssuspendu.net\/site\/?page_id=208"},"modified":"2023-02-12T11:34:47","modified_gmt":"2023-02-12T10:34:47","slug":"les-produits-utilisees","status":"publish","type":"page","link":"https:\/\/autempssuspendu.net\/site\/les-produits-utilisees\/","title":{"rendered":"Les Produits utilis\u00e9s"},"content":{"rendered":"<p><strong><img loading=\"lazy\" class=\"wp-image-398 alignleft\" src=\"https:\/\/autempssuspendu.net\/site\/wp-content\/uploads\/2018\/07\/produit.jpg\" alt=\"\" width=\"169\" height=\"163\" srcset=\"https:\/\/autempssuspendu.net\/site\/wp-content\/uploads\/2018\/07\/produit.jpg 3553w, https:\/\/autempssuspendu.net\/site\/wp-content\/uploads\/2018\/07\/produit-300x290.jpg 300w, https:\/\/autempssuspendu.net\/site\/wp-content\/uploads\/2018\/07\/produit-768x742.jpg 768w, https:\/\/autempssuspendu.net\/site\/wp-content\/uploads\/2018\/07\/produit-1024x989.jpg 1024w\" sizes=\"(max-width: 169px) 100vw, 169px\" \/>Produits naturels et biologiques<\/strong><br \/>\nLes huiles de massage utilis\u00e9es et les cr\u00e8mes sont 100% naturelles et issues de l&rsquo;agriculture biologique. Elles ne contiennent pas de produits chimiques , ni de perturbateurs endocriniens.<\/p>\n<p>&nbsp;<\/p>\n<p><strong>L&rsquo;huile et les cr\u00e8mes<\/strong><br \/>\nJ&rsquo;utilise essentiellement de l&rsquo;huile de s\u00e9same bio ou de l&rsquo;huile de p\u00e9pin de raisin bio. Pour les personnes ne voulant pas d&rsquo;huile sur leur visage, j&rsquo;utilise du beurre de karit\u00e9 bio de chez Madjikarit\u00e9, qui soutient une coop\u00e9rative de femmes au Burkina Faso ou de l\u2019alo\u00e8s vera.<\/p>\n<p><strong>Les Allergies<\/strong><br \/>\nPour les personnes allergiques, j&rsquo;utilise une cr\u00e8me neutre bio de chez Aromazone \u00e0 l&rsquo;alo\u00e8s vera.<\/p>\n<p>&nbsp;<\/p>\n","protected":false},"excerpt":{"rendered":"<p>Produits naturels et biologiques Les huiles de massage utilis\u00e9es et les cr\u00e8mes sont 100% naturelles et issues de l&rsquo;agriculture biologique. Elles ne contiennent pas de produits chimiques , ni de <a class=\"more-link\" href=\"https:\/\/autempssuspendu.net\/site\/les-produits-utilisees\/\">Lire la suite \u2192<\/a><\/p>\n","protected":false},"author":2,"featured_media":0,"parent":0,"menu_order":0,"comment_status":"closed","ping_status":"closed","template":"","meta":[],"_links":{"self":[{"href":"https:\/\/autempssuspendu.net\/site\/wp-json\/wp\/v2\/pages\/208"}],"collection":[{"href":"https:\/\/autempssuspendu.net\/site\/wp-json\/wp\/v2\/pages"}],"about":[{"href":"https:\/\/autempssuspendu.net\/site\/wp-json\/wp\/v2\/types\/page"}],"author":[{"embeddable":true,"href":"https:\/\/autempssuspendu.net\/site\/wp-json\/wp\/v2\/users\/2"}],"replies":[{"embeddable":true,"href":"https:\/\/autempssuspendu.net\/site\/wp-json\/wp\/v2\/comments?post=208"}],"version-history":[{"count":9,"href":"https:\/\/autempssuspendu.net\/site\/wp-json\/wp\/v2\/pages\/208\/revisions"}],"predecessor-version":[{"id":550,"href":"https:\/\/autempssuspendu.net\/site\/wp-json\/wp\/v2\/pages\/208\/revisions\/550"}],"wp:attachment":[{"href":"https:\/\/autempssuspendu.net\/site\/wp-json\/wp\/v2\/media?parent=208"}],"curies":[{"name":"wp","href":"https:\/\/api.w.org\/{rel}","templated":true}]}}