{"id":210,"date":"2018-07-03T18:37:26","date_gmt":"2018-07-03T16:37:26","guid":{"rendered":"https:\/\/autempssuspendu.net\/site\/?page_id=210"},"modified":"2018-07-22T19:27:05","modified_gmt":"2018-07-22T17:27:05","slug":"les-contres-indications","status":"publish","type":"page","link":"https:\/\/autempssuspendu.net\/site\/les-contres-indications\/","title":{"rendered":"Les Contres indications"},"content":{"rendered":"<p><strong><img loading=\"lazy\" class=\"wp-image-405 alignleft\" src=\"https:\/\/autempssuspendu.net\/site\/wp-content\/uploads\/2018\/07\/contreindication-2.jpg\" alt=\"\" width=\"301\" height=\"301\" srcset=\"https:\/\/autempssuspendu.net\/site\/wp-content\/uploads\/2018\/07\/contreindication-2.jpg 3516w, https:\/\/autempssuspendu.net\/site\/wp-content\/uploads\/2018\/07\/contreindication-2-150x150.jpg 150w, https:\/\/autempssuspendu.net\/site\/wp-content\/uploads\/2018\/07\/contreindication-2-300x300.jpg 300w, https:\/\/autempssuspendu.net\/site\/wp-content\/uploads\/2018\/07\/contreindication-2-768x769.jpg 768w, https:\/\/autempssuspendu.net\/site\/wp-content\/uploads\/2018\/07\/contreindication-2-1024x1024.jpg 1024w, https:\/\/autempssuspendu.net\/site\/wp-content\/uploads\/2018\/07\/contreindication-2-80x80.jpg 80w\" sizes=\"(max-width: 301px) 100vw, 301px\" \/>Un Massage relaxant n&rsquo;est pas un acte anodin&#8230; Et comme tout acte, il y a des contre- indications<\/strong>. Pour que vous pussiez obtenir les b\u00e9n\u00e9fices escompt\u00e9s et que la pratique se passe au mieux pour vous et pour moi, veuillez me pr\u00e9venir avant la prestation de tout probl\u00e8me de sant\u00e9 particulier.<\/p>\n<p>&nbsp;<\/p>\n<p>&nbsp;<\/p>\n<p><strong> Il est contre-indiqu\u00e9 de donner un massage de bien-\u00eatre<\/strong>, sans avis m\u00e9dical pr\u00e9alable, \u00e0 des personnes souffrant, sans que cette liste soit exhaustive, de pathologies lourdes (probl\u00e8me cardiaque, insuffisance r\u00e9nale, cancer,&#8230;), de troubles nerveux (\u00e9pilepsie, &#8230;), de diab\u00e8te important.<\/p>\n<p><strong>Il existe des contre-indications absolues<\/strong> : phl\u00e9bite (m\u00eame r\u00e9cente), forte fi\u00e8vre, sur un fibrome ou une tumeur, lors d&rsquo;une chimioth\u00e9rapie, \u00e0 la suite d&rsquo;une intervention chirurgicale majeure.<\/p>\n<p>Enfin, <strong>il existe des restrictions relatives au massage<\/strong> dans les cas suivants (les zones concern\u00e9es \u00e9tant proscrites): blessure (inflammation aig\u00fce, d\u00e9chirure musculaire, cicatrice r\u00e9cente ou douloureuse, plaie), trouble circulatoire important, tendinite ou luxation, hernie discale, crise aig\u00fce d\u2019arthrose ou d\u2019arthrite, h\u00e9matomes, affections cutan\u00e9es couvrantes (\u0153d\u00e8me, dermatose, ecz\u00e9ma infect\u00e9) ou contagieuses. En cas d\u2019allergies, le client s\u2019engage \u00e0 en informer \u00abAu Temps Suspendu\u00bb au moment de la prise de rendez-vous. En cas de grossesse, il est recommand\u00e9 au client de demander un avis pr\u00e9alable \u00e0 son m\u00e9decin, gyn\u00e9cologue ou sage-femme et d\u2019en informer \u00ab Au Temps Suspendu \u00bb lors de la prise de rendez-vous \u00bb<\/p>\n<p>&nbsp;<\/p>\n<p style=\"text-align: right;\"><strong><span style=\"font-size: 10pt;\">En cas de maladie chronique, veuillez vous munir d\u00e8s le premier rendez-vous d&rsquo;une attestation de non contre-indication \u00e0 la pratique d&rsquo;un massage-Relaxant, d\u00e9livr\u00e9e par votre m\u00e9decin.<\/span><\/strong><\/p>\n","protected":false},"excerpt":{"rendered":"<p>Un Massage relaxant n&rsquo;est pas un acte anodin&#8230; Et comme tout acte, il y a des contre- indications. Pour que vous pussiez obtenir les b\u00e9n\u00e9fices escompt\u00e9s et que la pratique <a class=\"more-link\" href=\"https:\/\/autempssuspendu.net\/site\/les-contres-indications\/\">Lire la suite \u2192<\/a><\/p>\n","protected":false},"author":2,"featured_media":0,"parent":0,"menu_order":0,"comment_status":"closed","ping_status":"closed","template":"","meta":[],"_links":{"self":[{"href":"https:\/\/autempssuspendu.net\/site\/wp-json\/wp\/v2\/pages\/210"}],"collection":[{"href":"https:\/\/autempssuspendu.net\/site\/wp-json\/wp\/v2\/pages"}],"about":[{"href":"https:\/\/autempssuspendu.net\/site\/wp-json\/wp\/v2\/types\/page"}],"author":[{"embeddable":true,"href":"https:\/\/autempssuspendu.net\/site\/wp-json\/wp\/v2\/users\/2"}],"replies":[{"embeddable":true,"href":"https:\/\/autempssuspendu.net\/site\/wp-json\/wp\/v2\/comments?post=210"}],"version-history":[{"count":9,"href":"https:\/\/autempssuspendu.net\/site\/wp-json\/wp\/v2\/pages\/210\/revisions"}],"predecessor-version":[{"id":462,"href":"https:\/\/autempssuspendu.net\/site\/wp-json\/wp\/v2\/pages\/210\/revisions\/462"}],"wp:attachment":[{"href":"https:\/\/autempssuspendu.net\/site\/wp-json\/wp\/v2\/media?parent=210"}],"curies":[{"name":"wp","href":"https:\/\/api.w.org\/{rel}","templated":true}]}}