{"id":215,"date":"2018-07-03T19:04:58","date_gmt":"2018-07-03T17:04:58","guid":{"rendered":"https:\/\/autempssuspendu.net\/site\/?page_id=215"},"modified":"2018-07-22T19:28:07","modified_gmt":"2018-07-22T17:28:07","slug":"les-influences-de-la-sophrologie","status":"publish","type":"page","link":"https:\/\/autempssuspendu.net\/site\/les-influences-de-la-sophrologie\/","title":{"rendered":"Les influences de la sophrologie"},"content":{"rendered":"<p><span style=\"font-size: 12pt;\"><strong>\u00e9tymo<span style=\"font-size: 12pt;\">logiquement parlant<\/span><\/strong><\/span><\/p>\n<p><span style=\"font-size: 12pt;\"><strong>SOS<\/strong>: \u00e9quilibre\/ harmonie\u00a0 <strong>PHREN<\/strong>: conscience\/ esprit\u00a0 \u00a0<strong>LOGOS<\/strong>: science\/ \u00e9tude<\/span><\/p>\n<p><span style=\"font-size: 12pt;\">\u00ab\u00a0c&rsquo;est la science qui \u00e9tudie la conscience en harmonie \u00a0\u00bb\u00a0<\/span><\/p>\n<p><span style=\"font-size: 12pt;\"><strong>Les influences\u00a0<\/strong><\/span><\/p>\n<ul>\n<li><span style=\"font-size: 12pt;\"><strong>L&rsquo;orient<\/strong> : Le zen japonnais, le yoga, le bouddhisme tib\u00e9tain<\/span><\/li>\n<li><span style=\"font-size: 12pt;\"><strong>La Gr\u00e8ce antique<\/strong> : Platon , Hippocrate, Aristote<\/span><\/li>\n<li><span style=\"font-size: 12pt;\"><strong>La Ph\u00e9nom\u00e9nologie psychiatrique<\/strong><\/span><\/li>\n<li><span style=\"font-size: 12pt;\"><strong>Les Neurosciences<\/strong>: vigilance, tonus, \u00e9tats de conscience, m\u00e9moire, plasticit\u00e9 c\u00e9r\u00e9brale<\/span><\/li>\n<li><span style=\"font-size: 12pt;\"><strong>La Philosophie ph\u00e9nom\u00e9nologique<\/strong><\/span><\/li>\n<li><span style=\"font-size: 12pt;\"><strong>La Psychologie<\/strong><\/span><\/li>\n<li><span style=\"font-size: 12pt;\"><strong>L&rsquo;Hypnose<\/strong><\/span><\/li>\n<li><span style=\"font-size: 12pt;\"><strong>La Relaxation<\/strong> : Schultz, Jacobson , Vittoz<\/span><\/li>\n<\/ul>\n","protected":false},"excerpt":{"rendered":"<p>\u00e9tymologiquement parlant SOS: \u00e9quilibre\/ harmonie\u00a0 PHREN: conscience\/ esprit\u00a0 \u00a0LOGOS: science\/ \u00e9tude \u00ab\u00a0c&rsquo;est la science qui \u00e9tudie la conscience en harmonie \u00a0\u00bb\u00a0 Les influences\u00a0 L&rsquo;orient : Le zen japonnais, le yoga, <a class=\"more-link\" href=\"https:\/\/autempssuspendu.net\/site\/les-influences-de-la-sophrologie\/\">Lire la suite \u2192<\/a><\/p>\n","protected":false},"author":2,"featured_media":0,"parent":0,"menu_order":0,"comment_status":"closed","ping_status":"closed","template":"","meta":[],"_links":{"self":[{"href":"https:\/\/autempssuspendu.net\/site\/wp-json\/wp\/v2\/pages\/215"}],"collection":[{"href":"https:\/\/autempssuspendu.net\/site\/wp-json\/wp\/v2\/pages"}],"about":[{"href":"https:\/\/autempssuspendu.net\/site\/wp-json\/wp\/v2\/types\/page"}],"author":[{"embeddable":true,"href":"https:\/\/autempssuspendu.net\/site\/wp-json\/wp\/v2\/users\/2"}],"replies":[{"embeddable":true,"href":"https:\/\/autempssuspendu.net\/site\/wp-json\/wp\/v2\/comments?post=215"}],"version-history":[{"count":3,"href":"https:\/\/autempssuspendu.net\/site\/wp-json\/wp\/v2\/pages\/215\/revisions"}],"predecessor-version":[{"id":463,"href":"https:\/\/autempssuspendu.net\/site\/wp-json\/wp\/v2\/pages\/215\/revisions\/463"}],"wp:attachment":[{"href":"https:\/\/autempssuspendu.net\/site\/wp-json\/wp\/v2\/media?parent=215"}],"curies":[{"name":"wp","href":"https:\/\/api.w.org\/{rel}","templated":true}]}}