{"id":218,"date":"2018-07-03T19:08:44","date_gmt":"2018-07-03T17:08:44","guid":{"rendered":"https:\/\/autempssuspendu.net\/site\/?page_id=218"},"modified":"2018-07-22T19:16:26","modified_gmt":"2018-07-22T17:16:26","slug":"le-deroulement-dune-seance-de-sophrologie","status":"publish","type":"page","link":"https:\/\/autempssuspendu.net\/site\/le-deroulement-dune-seance-de-sophrologie\/","title":{"rendered":"Le D\u00e9roulement d&rsquo;une s\u00e9ance de sophrologie"},"content":{"rendered":"<p><strong>Le Premier entretien<\/strong><br \/>\nCe premier entretien permet de faire connaissance. Il me permet de mieux vous conna\u00eetre, cibler vos attentes et envies, conna\u00eetre vos ant\u00e9c\u00e9dents m\u00e9dicaux. Elle vous permet \u00e9galement de vous initier \u00e0 la m\u00e9thode \u00e0 travers un exercice de relaxation dynamique court. Cet entretien me permet d&rsquo;\u00e9laborer un protocole d&rsquo;accompagnement adapt\u00e9 \u00e0 vos demandes que vous \u00eates libre ou non d&rsquo;accepter.<\/p>\n<p><strong>Le D\u00e9roulement d&rsquo;une s\u00e9ance<\/strong><\/p>\n<ul>\n<li><strong>\u00a0un temps d&rsquo;accueil :<\/strong>\u00a0Pour \u00e9changer sur la s\u00e9ance pr\u00e9c\u00e9dente et sur ce qui a \u00e9volu\u00e9 depuis celle-ci, pour conna\u00eetre votre humeur et ressenti d&rsquo;avant s\u00e9ance.<\/li>\n<li>\u00a0<strong>un temps de pratique :<\/strong> compos\u00e9 d&rsquo;un \u00e0 deux exercices de relaxation dynamique, suivi d&rsquo;un retour sur vos ressentis durant l&rsquo;exercice.<\/li>\n<li><strong>un temps d&rsquo;\u00e9change de fin de s\u00e9ance :\u00a0<\/strong>Pour \u00e9changer sur le ressenti de la s\u00e9ance, accompagn\u00e9 d&rsquo;une petite collation.<\/li>\n<\/ul>\n","protected":false},"excerpt":{"rendered":"<p>Le Premier entretien Ce premier entretien permet de faire connaissance. Il me permet de mieux vous conna\u00eetre, cibler vos attentes et envies, conna\u00eetre vos ant\u00e9c\u00e9dents m\u00e9dicaux. Elle vous permet \u00e9galement <a class=\"more-link\" href=\"https:\/\/autempssuspendu.net\/site\/le-deroulement-dune-seance-de-sophrologie\/\">Lire la suite \u2192<\/a><\/p>\n","protected":false},"author":2,"featured_media":0,"parent":0,"menu_order":0,"comment_status":"closed","ping_status":"closed","template":"","meta":[],"_links":{"self":[{"href":"https:\/\/autempssuspendu.net\/site\/wp-json\/wp\/v2\/pages\/218"}],"collection":[{"href":"https:\/\/autempssuspendu.net\/site\/wp-json\/wp\/v2\/pages"}],"about":[{"href":"https:\/\/autempssuspendu.net\/site\/wp-json\/wp\/v2\/types\/page"}],"author":[{"embeddable":true,"href":"https:\/\/autempssuspendu.net\/site\/wp-json\/wp\/v2\/users\/2"}],"replies":[{"embeddable":true,"href":"https:\/\/autempssuspendu.net\/site\/wp-json\/wp\/v2\/comments?post=218"}],"version-history":[{"count":3,"href":"https:\/\/autempssuspendu.net\/site\/wp-json\/wp\/v2\/pages\/218\/revisions"}],"predecessor-version":[{"id":454,"href":"https:\/\/autempssuspendu.net\/site\/wp-json\/wp\/v2\/pages\/218\/revisions\/454"}],"wp:attachment":[{"href":"https:\/\/autempssuspendu.net\/site\/wp-json\/wp\/v2\/media?parent=218"}],"curies":[{"name":"wp","href":"https:\/\/api.w.org\/{rel}","templated":true}]}}