{"id":220,"date":"2018-07-03T19:13:44","date_gmt":"2018-07-03T17:13:44","guid":{"rendered":"https:\/\/autempssuspendu.net\/site\/?page_id=220"},"modified":"2018-07-22T19:19:40","modified_gmt":"2018-07-22T17:19:40","slug":"le-remboursement-des-seances","status":"publish","type":"page","link":"https:\/\/autempssuspendu.net\/site\/le-remboursement-des-seances\/","title":{"rendered":"Le Remboursement des s\u00e9ances"},"content":{"rendered":"<p><span style=\"font-size: 12pt;\">Bien que les bienfaits de la sophrologie soient \u00e0 pr\u00e9sent reconnus, les s\u00e9ances de sophrologie r\u00e9alis\u00e9es aupr\u00e8s d&rsquo;un sophrologue ne sont pas prises en charge par la s\u00e9curit\u00e9 sociale. N\u00e9anmoins certaines mutuelles remboursent la totalit\u00e9 ou une partie des s\u00e9ances de sophrologie, selon la formule de compl\u00e9mentaire choisie. <\/span><\/p>\n<p><span style=\"font-size: 12pt;\">Voici quelques exemples de mutuelles susceptibles de rembourser les s\u00e9ances <\/span><\/p>\n<p><span style=\"font-size: 12pt;\"><strong>MGEFI , MGEN, SWISS LIFE, MUTUELLE FAMILIALE , CCMO MUTUELLE, BEHEMA, RADIANCE, MUTUELLE SAINTGermain\u00a0, CEGEMA MUTUELLE ,AXISALIANS-MEDINAT , ADREA , MYRIADE, MPCL Mutuelle des fonctionnaires territoriaux , ASSUREMA ,MUTUELLE CAP VERT , MFIF, CAP assurances , ALPTIS&#8230;<\/strong><\/span><\/p>\n<p><span style=\"font-size: 12pt;\">Liste compl\u00e8te \u00e0 retrouver sur =&gt;\u00a0<a href=\"https:\/\/www.chambre-syndicale-sophrologie.fr\/mutuelle-sophrologie-sophrologue\/\">https:\/\/www.chambre-syndicale-sophrologie.fr\/mutuelle-sophrologie-sophrologue\/<\/a><\/span><\/p>\n<p style=\"text-align: right;\"><span style=\"font-size: 10pt;\"><strong>Rapprochez-vous de votre mutuelle pour une \u00e9ventuelle prise en charge des s\u00e9ances.<\/strong><\/span><\/p>\n","protected":false},"excerpt":{"rendered":"<p>Bien que les bienfaits de la sophrologie soient \u00e0 pr\u00e9sent reconnus, les s\u00e9ances de sophrologie r\u00e9alis\u00e9es aupr\u00e8s d&rsquo;un sophrologue ne sont pas prises en charge par la s\u00e9curit\u00e9 sociale. N\u00e9anmoins <a class=\"more-link\" href=\"https:\/\/autempssuspendu.net\/site\/le-remboursement-des-seances\/\">Lire la suite \u2192<\/a><\/p>\n","protected":false},"author":2,"featured_media":0,"parent":0,"menu_order":0,"comment_status":"closed","ping_status":"closed","template":"","meta":[],"_links":{"self":[{"href":"https:\/\/autempssuspendu.net\/site\/wp-json\/wp\/v2\/pages\/220"}],"collection":[{"href":"https:\/\/autempssuspendu.net\/site\/wp-json\/wp\/v2\/pages"}],"about":[{"href":"https:\/\/autempssuspendu.net\/site\/wp-json\/wp\/v2\/types\/page"}],"author":[{"embeddable":true,"href":"https:\/\/autempssuspendu.net\/site\/wp-json\/wp\/v2\/users\/2"}],"replies":[{"embeddable":true,"href":"https:\/\/autempssuspendu.net\/site\/wp-json\/wp\/v2\/comments?post=220"}],"version-history":[{"count":2,"href":"https:\/\/autempssuspendu.net\/site\/wp-json\/wp\/v2\/pages\/220\/revisions"}],"predecessor-version":[{"id":456,"href":"https:\/\/autempssuspendu.net\/site\/wp-json\/wp\/v2\/pages\/220\/revisions\/456"}],"wp:attachment":[{"href":"https:\/\/autempssuspendu.net\/site\/wp-json\/wp\/v2\/media?parent=220"}],"curies":[{"name":"wp","href":"https:\/\/api.w.org\/{rel}","templated":true}]}}