{"id":222,"date":"2018-07-03T19:25:41","date_gmt":"2018-07-03T17:25:41","guid":{"rendered":"https:\/\/autempssuspendu.net\/site\/?page_id=222"},"modified":"2018-07-22T19:08:22","modified_gmt":"2018-07-22T17:08:22","slug":"lart-therapie","status":"publish","type":"page","link":"https:\/\/autempssuspendu.net\/site\/lart-therapie\/","title":{"rendered":"L&rsquo;Art-th\u00e9rapie"},"content":{"rendered":"<p><em><strong><img loading=\"lazy\" class=\"wp-image-401 alignleft\" src=\"https:\/\/autempssuspendu.net\/site\/wp-content\/uploads\/2018\/07\/artth\u00e9rapie.jpg\" alt=\"\" width=\"368\" height=\"547\" \/><\/strong><\/em><\/p>\n<p><em><strong>\u00ab\u00a0L&rsquo;art est le plus court chemin de l&rsquo;homme \u00e0 l&rsquo;homme\u00a0\u00bb Andr\u00e9 Malraux<\/strong><\/em><\/p>\n<p><strong>Qu&rsquo;est-ce donc\u00a0?<\/strong><\/p>\n<p>C&rsquo;est une discipline qui permet de mieux se conna\u00eetre, g\u00e9rer ses \u00e9motions, son stress en dynamisant son potentiel cr\u00e9atif. L&rsquo;atelier d&rsquo;art th\u00e9rapie n&rsquo;est pas un lieu o\u00f9 l&rsquo;on r\u00e9alise une \u0153uvre d&rsquo;art et o\u00f9 l&rsquo;on apprend une technique artistique. C&rsquo;est un lieu o\u00f9 en toute s\u00e9curit\u00e9, on met en forme ce qui nous \u00e9chappe dans la r\u00e9alit\u00e9, nos \u00e9motions et nos tourments. C&rsquo;est un lieu o\u00f9 l&rsquo;on devient acteur et non spectateur de sa propre vie.<\/p>\n<p>&nbsp;<\/p>\n<p>&nbsp;<\/p>\n<p><strong>Il est id\u00e9al pour&#8230;<\/strong><\/p>\n<p>Il peut \u00eatre utile pour accompagner une personne \u00e0 travers les \u00e9preuves de la vie telles que le burn-out, le deuil, une s\u00e9paration, une promotion professionnelle, un d\u00e9m\u00e9nagement, une maladie. Pour la gestion d&rsquo;une phobie, des angoisses, ou du stress. Pour la gestion des \u00e9motions et du stress lors de l&rsquo;arr\u00eat d&rsquo;une addiction Etc&#8230;<\/p>\n<p><strong>Les Bienfaits&#8230; <\/strong><\/p>\n<p>-Diminue de mani\u00e8re g\u00e9n\u00e9rale l&rsquo;anxi\u00e9t\u00e9 et le stress -permet de g\u00e9rer les \u00e9motions -permet de mieux se conna\u00eetre -am\u00e9liore la confiance en soi -permet la gestion de la douleur chronique -permet de se reconstruire et se ressourcer.<\/p>\n<p>&nbsp;<\/p>\n<p style=\"text-align: right;\"><strong><span style=\"font-size: 10pt;\">Dur\u00e9e: 1h30. S\u00e9ance d&rsquo;art th\u00e9rapie adulte, 60 euros<\/span><\/strong><\/p>\n<p style=\"text-align: right;\"><strong><span style=\"font-size: 10pt;\"> Dur\u00e9e:1 heure. S\u00e9ance d&rsquo;art th\u00e9rapie enfant, 45 euros<\/span><\/strong><\/p>\n<p>&nbsp;<\/p>\n<p><em><strong>\u00a0<\/strong><\/em><\/p>\n","protected":false},"excerpt":{"rendered":"<p>\u00ab\u00a0L&rsquo;art est le plus court chemin de l&rsquo;homme \u00e0 l&rsquo;homme\u00a0\u00bb Andr\u00e9 Malraux Qu&rsquo;est-ce donc\u00a0? C&rsquo;est une discipline qui permet de mieux se conna\u00eetre, g\u00e9rer ses \u00e9motions, son stress en dynamisant <a class=\"more-link\" href=\"https:\/\/autempssuspendu.net\/site\/lart-therapie\/\">Lire la suite \u2192<\/a><\/p>\n","protected":false},"author":2,"featured_media":0,"parent":0,"menu_order":0,"comment_status":"closed","ping_status":"closed","template":"","meta":[],"_links":{"self":[{"href":"https:\/\/autempssuspendu.net\/site\/wp-json\/wp\/v2\/pages\/222"}],"collection":[{"href":"https:\/\/autempssuspendu.net\/site\/wp-json\/wp\/v2\/pages"}],"about":[{"href":"https:\/\/autempssuspendu.net\/site\/wp-json\/wp\/v2\/types\/page"}],"author":[{"embeddable":true,"href":"https:\/\/autempssuspendu.net\/site\/wp-json\/wp\/v2\/users\/2"}],"replies":[{"embeddable":true,"href":"https:\/\/autempssuspendu.net\/site\/wp-json\/wp\/v2\/comments?post=222"}],"version-history":[{"count":4,"href":"https:\/\/autempssuspendu.net\/site\/wp-json\/wp\/v2\/pages\/222\/revisions"}],"predecessor-version":[{"id":446,"href":"https:\/\/autempssuspendu.net\/site\/wp-json\/wp\/v2\/pages\/222\/revisions\/446"}],"wp:attachment":[{"href":"https:\/\/autempssuspendu.net\/site\/wp-json\/wp\/v2\/media?parent=222"}],"curies":[{"name":"wp","href":"https:\/\/api.w.org\/{rel}","templated":true}]}}