{"id":226,"date":"2018-07-04T15:29:16","date_gmt":"2018-07-04T13:29:16","guid":{"rendered":"https:\/\/autempssuspendu.net\/site\/?page_id=226"},"modified":"2018-07-22T19:14:25","modified_gmt":"2018-07-22T17:14:25","slug":"le-deroulement-dune-seance","status":"publish","type":"page","link":"https:\/\/autempssuspendu.net\/site\/le-deroulement-dune-seance\/","title":{"rendered":"Le D\u00e9roulement d&rsquo;une s\u00e9ance d&rsquo;art-th\u00e9rapie"},"content":{"rendered":"<p><span style=\"font-size: 12pt;\"><strong>Le Premier entretien<\/strong><\/span><br \/>\n<span style=\"font-size: 12pt;\">Ce premier entretien permet de faire connaissance. Il me permet de mieux vous conna\u00eetre, cibler vos attentes et envies, conna\u00eetre vos ant\u00e9c\u00e9dents m\u00e9dicaux. Cet entretien me permet d&rsquo;\u00e9laborer un protocole d&rsquo;accompagnement adapt\u00e9 \u00e0 vos demandes que vous \u00eates libre ou non d&rsquo;accepter.<\/span><\/p>\n<p><span style=\"font-size: 12pt;\"><strong> Le D\u00e9roulement d&rsquo;une s\u00e9ance<\/strong><\/span><\/p>\n<ul>\n<li><span style=\"font-size: 12pt;\"><strong>\u00a0un temps d&rsquo;accueil<\/strong> pour \u00e9changer sur la s\u00e9ance pr\u00e9c\u00e9dente et sur ce qui a \u00e9volu\u00e9 depuis celle-ci, pour conna\u00eetre votre humeur et ressenti d&rsquo;avant s\u00e9ance.<\/span><\/li>\n<li><span style=\"font-size: 12pt;\"><strong>\u00a0un temps compos\u00e9 d&rsquo;une ou deux pratiques,<\/strong> suivi d&rsquo;un retour sur vos ressentis durant l&rsquo;exercice.<\/span><\/li>\n<li><span style=\"font-size: 12pt;\"><strong>un temps d&rsquo;\u00e9change de fin de s\u00e9ance<\/strong> pour \u00e9changer sur le ressenti de la s\u00e9ance, accompagn\u00e9 d&rsquo;une petite collation.<\/span><\/li>\n<\/ul>\n","protected":false},"excerpt":{"rendered":"<p>Le Premier entretien Ce premier entretien permet de faire connaissance. Il me permet de mieux vous conna\u00eetre, cibler vos attentes et envies, conna\u00eetre vos ant\u00e9c\u00e9dents m\u00e9dicaux. Cet entretien me permet <a class=\"more-link\" href=\"https:\/\/autempssuspendu.net\/site\/le-deroulement-dune-seance\/\">Lire la suite \u2192<\/a><\/p>\n","protected":false},"author":2,"featured_media":0,"parent":0,"menu_order":0,"comment_status":"closed","ping_status":"closed","template":"","meta":[],"_links":{"self":[{"href":"https:\/\/autempssuspendu.net\/site\/wp-json\/wp\/v2\/pages\/226"}],"collection":[{"href":"https:\/\/autempssuspendu.net\/site\/wp-json\/wp\/v2\/pages"}],"about":[{"href":"https:\/\/autempssuspendu.net\/site\/wp-json\/wp\/v2\/types\/page"}],"author":[{"embeddable":true,"href":"https:\/\/autempssuspendu.net\/site\/wp-json\/wp\/v2\/users\/2"}],"replies":[{"embeddable":true,"href":"https:\/\/autempssuspendu.net\/site\/wp-json\/wp\/v2\/comments?post=226"}],"version-history":[{"count":5,"href":"https:\/\/autempssuspendu.net\/site\/wp-json\/wp\/v2\/pages\/226\/revisions"}],"predecessor-version":[{"id":452,"href":"https:\/\/autempssuspendu.net\/site\/wp-json\/wp\/v2\/pages\/226\/revisions\/452"}],"wp:attachment":[{"href":"https:\/\/autempssuspendu.net\/site\/wp-json\/wp\/v2\/media?parent=226"}],"curies":[{"name":"wp","href":"https:\/\/api.w.org\/{rel}","templated":true}]}}