{"id":228,"date":"2018-07-04T15:30:39","date_gmt":"2018-07-04T13:30:39","guid":{"rendered":"https:\/\/autempssuspendu.net\/site\/?page_id=228"},"modified":"2018-07-22T19:20:23","modified_gmt":"2018-07-22T17:20:23","slug":"le-remboursement-des-seances-2","status":"publish","type":"page","link":"https:\/\/autempssuspendu.net\/site\/le-remboursement-des-seances-2\/","title":{"rendered":"Le Remboursement des s\u00e9ances"},"content":{"rendered":"<p><span style=\"font-size: 12pt;\">Bien que les bienfaits de l&rsquo;Art-th\u00e9rapie soient \u00e0 pr\u00e9sent reconnus, les s\u00e9ances d&rsquo;art-th\u00e9rapie r\u00e9alis\u00e9es aupr\u00e8s d&rsquo;un art-th\u00e9rapeute ne sont pas prises en charge par la s\u00e9curit\u00e9 sociale. N\u00e9anmoins certaines mutuelles remboursent la totalit\u00e9 ou une partie des s\u00e9ances d&rsquo;art-th\u00e9rapie, selon la formule de compl\u00e9mentaire choisie.<\/span><\/p>\n<p><span style=\"font-size: 12pt;\">Voici quelques exemples de mutuelles susceptibles de rembourser les s\u00e9ances<\/span><\/p>\n<p><span style=\"font-size: 12pt;\"><strong>\u2022 AGF \/ Allianz \u2022 Agrica \u2022 Apicil \u2022 Apreva \u2022 April entreprises \u2022 Axa \u2022 Cr\u00e9dit Agricole \u2022 Cr\u00e9dit Mutuel \u2022 Gan\u2022 Generali \u2022 Groupama \u2022 Groupe Apri \u2022 Groupe D&amp;O\u2022 Groupe Mornay\u2022 Ipsec \u2022 Ircem\u2022 La Mondiale \/ AG2R \u2022 LMDE \u2022 Maaf \u2022 Macif \u2022 Malakoff M\u00e9d\u00e9ric \u2022 Matmut \u2022 MGEN \u2022 Mutuelle G\u00e9n\u00e9rale \u2022 Novalis Taitbout\u2022 Swiss Life \u2022 Th\u00e9lem\u2022 Vauban Humanis\u2022 Etc.<\/strong><\/span><\/p>\n<p style=\"text-align: right;\"><span style=\"font-size: 10pt;\"><strong>Rapprochez-vous de votre mutuelle pour une \u00e9ventuelle prise en charge des s\u00e9ances.<\/strong><\/span><\/p>\n","protected":false},"excerpt":{"rendered":"<p>Bien que les bienfaits de l&rsquo;Art-th\u00e9rapie soient \u00e0 pr\u00e9sent reconnus, les s\u00e9ances d&rsquo;art-th\u00e9rapie r\u00e9alis\u00e9es aupr\u00e8s d&rsquo;un art-th\u00e9rapeute ne sont pas prises en charge par la s\u00e9curit\u00e9 sociale. N\u00e9anmoins certaines mutuelles <a class=\"more-link\" href=\"https:\/\/autempssuspendu.net\/site\/le-remboursement-des-seances-2\/\">Lire la suite \u2192<\/a><\/p>\n","protected":false},"author":2,"featured_media":0,"parent":0,"menu_order":0,"comment_status":"closed","ping_status":"closed","template":"","meta":[],"_links":{"self":[{"href":"https:\/\/autempssuspendu.net\/site\/wp-json\/wp\/v2\/pages\/228"}],"collection":[{"href":"https:\/\/autempssuspendu.net\/site\/wp-json\/wp\/v2\/pages"}],"about":[{"href":"https:\/\/autempssuspendu.net\/site\/wp-json\/wp\/v2\/types\/page"}],"author":[{"embeddable":true,"href":"https:\/\/autempssuspendu.net\/site\/wp-json\/wp\/v2\/users\/2"}],"replies":[{"embeddable":true,"href":"https:\/\/autempssuspendu.net\/site\/wp-json\/wp\/v2\/comments?post=228"}],"version-history":[{"count":4,"href":"https:\/\/autempssuspendu.net\/site\/wp-json\/wp\/v2\/pages\/228\/revisions"}],"predecessor-version":[{"id":457,"href":"https:\/\/autempssuspendu.net\/site\/wp-json\/wp\/v2\/pages\/228\/revisions\/457"}],"wp:attachment":[{"href":"https:\/\/autempssuspendu.net\/site\/wp-json\/wp\/v2\/media?parent=228"}],"curies":[{"name":"wp","href":"https:\/\/api.w.org\/{rel}","templated":true}]}}