{"id":256,"date":"2018-07-05T11:05:39","date_gmt":"2018-07-05T09:05:39","guid":{"rendered":"https:\/\/autempssuspendu.net\/site\/?page_id=256"},"modified":"2018-07-22T19:38:11","modified_gmt":"2018-07-22T17:38:11","slug":"mise-en-garde","status":"publish","type":"page","link":"https:\/\/autempssuspendu.net\/site\/mise-en-garde\/","title":{"rendered":"Mise en garde"},"content":{"rendered":"<p style=\"text-align: left;\" align=\"center\"><span style=\"font-family: Aharoni;\"><span style=\"font-size: large;\"><img loading=\"lazy\" class=\"alignnone size-full wp-image-377\" style=\"color: #333333; font-style: normal; font-weight: 300;\" src=\"https:\/\/autempssuspendu.net\/site\/wp-content\/uploads\/2018\/07\/IMG_20180710_163605.jpg\" alt=\"\" width=\"4160\" height=\"3120\" srcset=\"https:\/\/autempssuspendu.net\/site\/wp-content\/uploads\/2018\/07\/IMG_20180710_163605.jpg 4160w, https:\/\/autempssuspendu.net\/site\/wp-content\/uploads\/2018\/07\/IMG_20180710_163605-300x225.jpg 300w, https:\/\/autempssuspendu.net\/site\/wp-content\/uploads\/2018\/07\/IMG_20180710_163605-768x576.jpg 768w, https:\/\/autempssuspendu.net\/site\/wp-content\/uploads\/2018\/07\/IMG_20180710_163605-1024x768.jpg 1024w\" sizes=\"(max-width: 4160px) 100vw, 4160px\" \/><\/span><\/span><\/p>\n<p style=\"text-align: left;\" align=\"center\"><span style=\"font-family: Aharoni;\"><span style=\"font-size: large;\">Les presta<\/span><\/span><span style=\"font-family: Aharoni;\"><span style=\"font-size: large;\">tions<\/span><\/span><strong><span style=\"font-size: large;\"> propos\u00e9es n<\/span><span style=\"font-size: large;\">e sont pas th\u00e9rapeutiques et ne se substituent donc pas aux actes d&rsquo;un masseur-kin\u00e9sith\u00e9rapeute, ni d&rsquo;un m\u00e9decin.<\/span><\/strong><\/p>\n<p style=\"text-align: left;\" align=\"center\"><span style=\"font-family: Aharoni;\"><span style=\"font-size: large;\">Ils sont \u00e9galement <strong><span style=\"font-size: x-large;\">d\u00e9nu\u00e9s de toutes connotations \u00e9rotiques et sexuelles<\/span>.<\/strong><\/span><\/span><\/p>\n<p style=\"text-align: left;\" align=\"center\"><span style=\"font-family: Aharoni;\"><span style=\"font-size: large;\">Tous propos, gestes d\u00e9plac\u00e9s , toute insulte entra\u00eenerons imm\u00e9diatement et de mani\u00e8re irr\u00e9vocable l&rsquo;arr\u00eat de la prestation, qui restera d\u00fbe. <\/span><\/span><\/p>\n<p style=\"text-align: left;\" align=\"center\"><span style=\"font-family: Aharoni;\"><span style=\"font-size: large;\">Des poursuites judiciaires pourront \u00e9galement \u00eatre engag\u00e9es.<\/span><\/span><\/p>\n<p style=\"text-align: left;\" align=\"center\"><span style=\"color: #990000;\"><span style=\"font-family: Aharoni;\"><span style=\"font-size: medium;\"><b>\u00c0 savoir que <\/b><\/span><\/span><\/span><\/p>\n<p style=\"text-align: left;\" align=\"center\"><span style=\"color: #990000;\"><span style=\"font-family: Aharoni;\"><span style=\"font-size: large;\">Tout acte sexuel (attouchement, caresse, effleurage, p\u00e9n\u00e9tration\u2026) commis avec violence, contrainte, menace ou surprise est INTERDIT par la loi et SANCTIONNE p\u00e9nalement. <\/span><\/span><\/span><\/p>\n<h4 class=\"western\" style=\"text-align: left;\" align=\"center\"><span style=\"font-family: Aharoni;\"><span style=\"font-size: medium;\">Les agressions sexuelles<\/span><\/span><\/h4>\n<p style=\"text-align: left;\" align=\"center\"><a href=\"https:\/\/www.legifrance.gouv.fr\/affichCode.do;jsessionid=DDF8840077326C058D96B56012BB9650.tpdila13v_3?idSectionTA=LEGISCTA000006181754&amp;cidTexte=LEGITEXT000006070719&amp;dateTexte=20160829\">(Article 222-27 \u00e0 222-30 du code p\u00e9nal)<\/a><\/p>\n<p style=\"text-align: left;\" align=\"center\">Les agressions sexuelles autres que le viol sont des <strong>d\u00e9lits<\/strong>.<br \/>\nElles sont d\u00e9finies comme <b>\u00ab\u00a0<\/b><i><b>un acte \u00e0 caract\u00e8re sexuel sans p\u00e9n\u00e9tration ommis sur la personne d\u2019autrui, par violence, contrainte, menace ou surprise<\/b><\/i><b>\u00a0\u00bb. <\/b><span style=\"color: #990000;\"><b>Il peut s\u2019agir par exemple de caresses ou d\u2019attouchements de nature sexuelle.<\/b><\/span><\/p>\n<p style=\"text-align: left;\" align=\"center\">Depuis 2013, constitue \u00e9galement une agression sexuelle <i>\u00ab\u00a0le fait de contraindre une personne par la violence, la menace ou la surprise \u00e0 se livrer \u00e0 des activit\u00e9s sexuelles avec un tiers\u00a0\u00bb<\/i> (Article 222-22-2 du code p\u00e9nal).<\/p>\n<p style=\"text-align: left;\" align=\"center\"><b>La peine encourue est de 5 ans et de 75 000 \u20ac d\u2019amende. <\/b>Elle est augment\u00e9e jusqu\u2019\u00e0 7 ou 10 ans lorsque l\u2019agression est commise avec une ou plusieurs circonstances aggravantes mentionn\u00e9es ci-dessus pour le viol.<\/p>\n<h4 class=\"western\" style=\"text-align: left;\" align=\"center\"><span style=\"font-family: Aharoni;\"><span style=\"font-size: medium;\">L\u2019exhibition sexuelle<\/span><\/span><\/h4>\n<p style=\"text-align: left;\" align=\"center\"><a href=\"http:\/\/www.legifrance.gouv.fr\/affichCodeArticle.do?idArticle=LEGIARTI000021796944&amp;cidTexte=LEGITEXT000006070719&amp;dateTexte=20131114&amp;oldAction=rechCodeArticle\">(Article 222-32 du code p\u00e9nal)<\/a><\/p>\n<p style=\"text-align: left;\" align=\"center\">L\u2019exhibition sexuelle est un d\u00e9lit d\u00e9fini par le code p\u00e9nal comme <b>\u00ab\u00a0<\/b><i><b>le fait d\u2019imposer une exhibition sexuelle \u00e0 la vue d\u2019une personne non consentante dans un lieu accessible aux regards du public<\/b><\/i><b>\u00a0\u00bb.<\/b><\/p>\n<p style=\"text-align: left;\" align=\"center\">La juridiction comp\u00e9tente est le tribunal correctionnel.<br \/>\n<b>La peine encourue est de 1 an d\u2019emprisonnement et de 15 000 euros d\u2019amende.<\/b><\/p>\n<h4 class=\"western\" style=\"text-align: left;\" align=\"center\">Le viol<\/h4>\n<p style=\"text-align: left;\" align=\"center\"><a href=\"https:\/\/www.legifrance.gouv.fr\/affichCode.do;jsessionid=3BFE26AF7F56ED49E366A25A393B9978.tpdila16v_1?idSectionTA=LEGISCTA000006181753&amp;cidTexte=LEGITEXT000006070719&amp;dateTexte=20160829\">(Article 222-23 \u00e0 222-26 du code p\u00e9nal)<\/a><\/p>\n<p style=\"text-align: left;\" align=\"center\">Le <strong>viol<\/strong> est un <strong>crime<\/strong>.<br \/>\nIl est d\u00e9fini par le code p\u00e9nal comme <b>\u00ab\u00a0<\/b><i><b>tout acte de p\u00e9n\u00e9tration sexuelle, de quelque nature qu\u2019il soit, commis sur la personne d\u2019autrui par violence, contrainte, menace ou surprise.<\/b><\/i><b>\u00a0\u00bb<\/b> <span style=\"color: #990000;\"><b>Tout acte de p\u00e9n\u00e9tration sexuelle est vis\u00e9\u00a0: buccale, vaginale, anale, par le sexe, par le doigt, par un objet.<\/b><\/span><\/p>\n<p style=\"text-align: left;\" align=\"center\"><b>La peine encourue est de 15 ans d\u2019emprisonnement.<\/b> Elle est de 20 ans d\u2019emprisonnement si le viol est commis avec <a href=\"https:\/\/www.legifrance.gouv.fr\/affichCodeArticle.do;jsessionid=3C33E08AB099F5EE5B33BA619B06090A.tpdila19v_3?idArticle=LEGIARTI000032400611&amp;cidTexte=LEGITEXT000006070719&amp;categorieLien=id&amp;dateTexte=\">une ou plusieurs circonstances aggravantes<\/a>.<\/p>\n<p style=\"text-align: left;\" align=\"center\">\n","protected":false},"excerpt":{"rendered":"<p>Les prestations propos\u00e9es ne sont pas th\u00e9rapeutiques et ne se substituent donc pas aux actes d&rsquo;un masseur-kin\u00e9sith\u00e9rapeute, ni d&rsquo;un m\u00e9decin. Ils sont \u00e9galement d\u00e9nu\u00e9s de toutes connotations \u00e9rotiques et sexuelles. <a class=\"more-link\" href=\"https:\/\/autempssuspendu.net\/site\/mise-en-garde\/\">Lire la suite \u2192<\/a><\/p>\n","protected":false},"author":2,"featured_media":0,"parent":0,"menu_order":0,"comment_status":"closed","ping_status":"closed","template":"","meta":[],"_links":{"self":[{"href":"https:\/\/autempssuspendu.net\/site\/wp-json\/wp\/v2\/pages\/256"}],"collection":[{"href":"https:\/\/autempssuspendu.net\/site\/wp-json\/wp\/v2\/pages"}],"about":[{"href":"https:\/\/autempssuspendu.net\/site\/wp-json\/wp\/v2\/types\/page"}],"author":[{"embeddable":true,"href":"https:\/\/autempssuspendu.net\/site\/wp-json\/wp\/v2\/users\/2"}],"replies":[{"embeddable":true,"href":"https:\/\/autempssuspendu.net\/site\/wp-json\/wp\/v2\/comments?post=256"}],"version-history":[{"count":5,"href":"https:\/\/autempssuspendu.net\/site\/wp-json\/wp\/v2\/pages\/256\/revisions"}],"predecessor-version":[{"id":379,"href":"https:\/\/autempssuspendu.net\/site\/wp-json\/wp\/v2\/pages\/256\/revisions\/379"}],"wp:attachment":[{"href":"https:\/\/autempssuspendu.net\/site\/wp-json\/wp\/v2\/media?parent=256"}],"curies":[{"name":"wp","href":"https:\/\/api.w.org\/{rel}","templated":true}]}}