{"id":260,"date":"2018-07-05T12:08:58","date_gmt":"2018-07-05T10:08:58","guid":{"rendered":"https:\/\/autempssuspendu.net\/site\/?page_id=260"},"modified":"2021-11-12T23:03:18","modified_gmt":"2021-11-12T22:03:18","slug":"les-pauses-relaxantes","status":"publish","type":"page","link":"https:\/\/autempssuspendu.net\/site\/les-pauses-relaxantes\/","title":{"rendered":"Les Pauses-Relaxantes"},"content":{"rendered":"<p><span style=\"font-size: 12pt;\"><strong>Qu&rsquo;est-ce donc?<\/strong><\/span><\/p>\n<p><span style=\"font-size: 12pt;\">Vous avez besoin de vous reposer, mais vous n&rsquo;avez pas beaucoup de temps devant vous\u00a0? Les Pauses sont faites pour vous\u00a0! Compos\u00e9e d&rsquo;un massage court suivi de 5 minutes de relaxation musicale guid\u00e9e, elle s&rsquo;adapte \u00e0 toutes les bourses.<\/span><\/p>\n<p><span style=\"font-size: 12pt;\"><strong>Les diff\u00e9rentes Pauses relaxantes<\/strong><\/span><\/p>\n<ul>\n<li><span style=\"font-size: 12pt;\"><strong> La Pause Relaxante<\/strong> \u2013 express Massage du visage ou des mains de 15 minutes suivi de 5 minutes de relaxation. <\/span><\/li>\n<li><span style=\"font-size: 12pt;\"><strong>La Pause Relaxante<\/strong>&#8211; confort Massage du visage et des mains , ou massage des pieds de 25 min suivi de 5 min de relaxation.<\/span><\/li>\n<li><span style=\"font-size: 12pt;\"><strong> La Pause Relaxante<\/strong>&#8211; Deluxe Massage du visage, des mains , et des pieds de 50 min suivi de 5 min de relaxation.<\/span><\/li>\n<li><span style=\"font-size: 12pt;\"><strong> La Pause Sp\u00e9ciale Dos-<\/strong> Massage du Dos de 25 minutes suivi de 5 minutes de relaxation.<\/span><\/li>\n<li><span style=\"font-size: 12pt;\"><strong> La Pause aux Pierres Chaudes-<\/strong>Ce massage alterne un massage traditionnel r\u00e9alis\u00e9 avec les mains et un autre avec les pierres chaudes. Il permet une meilleur lib\u00e9ration des tensions accumul\u00e9es dans le dos.<\/span><\/li>\n<\/ul>\n<p><span style=\"font-size: 12pt;\"><strong>Les Bienfaits&#8230;<\/strong><\/span><\/p>\n<p><span style=\"font-size: 12pt;\">De mani\u00e8re g\u00e9n\u00e9rale, le massage permet de se ressourcer, de r\u00e9cup\u00e9rer son \u00e9nergie physique et mentale. C&rsquo;est pourquoi il joue un r\u00f4le dans le renforcement ou dans l&rsquo;am\u00e9lioration des d\u00e9fenses naturelles de notre corps.<\/span><\/p>\n\n\t\t<style type=\"text\/css\">\n\t\t\t#gallery-1 {\n\t\t\t\tmargin: auto;\n\t\t\t}\n\t\t\t#gallery-1 .gallery-item {\n\t\t\t\tfloat: left;\n\t\t\t\tmargin-top: 10px;\n\t\t\t\ttext-align: center;\n\t\t\t\twidth: 33%;\n\t\t\t}\n\t\t\t#gallery-1 img {\n\t\t\t\tborder: 2px solid #cfcfcf;\n\t\t\t}\n\t\t\t#gallery-1 .gallery-caption {\n\t\t\t\tmargin-left: 0;\n\t\t\t}\n\t\t\t\/* see gallery_shortcode() in wp-includes\/media.php *\/\n\t\t<\/style>\n\t\t<div id='gallery-1' class='gallery galleryid-260 gallery-columns-3 gallery-size-thumbnail'><dl class='gallery-item'>\n\t\t\t<dt class='gallery-icon portrait'>\n\t\t\t\t<a href='https:\/\/autempssuspendu.net\/site\/pause\/'><img width=\"150\" height=\"150\" src=\"https:\/\/autempssuspendu.net\/site\/wp-content\/uploads\/2018\/07\/pause-150x150.jpg\" class=\"attachment-thumbnail size-thumbnail\" alt=\"\" loading=\"lazy\" srcset=\"https:\/\/autempssuspendu.net\/site\/wp-content\/uploads\/2018\/07\/pause-150x150.jpg 150w, https:\/\/autempssuspendu.net\/site\/wp-content\/uploads\/2018\/07\/pause-80x80.jpg 80w\" sizes=\"(max-width: 150px) 100vw, 150px\" \/><\/a>\n\t\t\t<\/dt><\/dl><dl class='gallery-item'>\n\t\t\t<dt class='gallery-icon portrait'>\n\t\t\t\t<a href='https:\/\/autempssuspendu.net\/site\/massage-du-dos-2\/'><img width=\"150\" height=\"150\" src=\"https:\/\/autempssuspendu.net\/site\/wp-content\/uploads\/2018\/07\/massage-du-dos-1-150x150.jpg\" class=\"attachment-thumbnail size-thumbnail\" alt=\"\" loading=\"lazy\" srcset=\"https:\/\/autempssuspendu.net\/site\/wp-content\/uploads\/2018\/07\/massage-du-dos-1-150x150.jpg 150w, https:\/\/autempssuspendu.net\/site\/wp-content\/uploads\/2018\/07\/massage-du-dos-1-80x80.jpg 80w\" sizes=\"(max-width: 150px) 100vw, 150px\" \/><\/a>\n\t\t\t<\/dt><\/dl><dl class='gallery-item'>\n\t\t\t<dt class='gallery-icon portrait'>\n\t\t\t\t<a href='https:\/\/autempssuspendu.net\/site\/massage-special-dos-2\/'><img width=\"150\" height=\"150\" src=\"https:\/\/autempssuspendu.net\/site\/wp-content\/uploads\/2018\/07\/massage-sp\u00e9cial-dos-1-150x150.jpg\" class=\"attachment-thumbnail size-thumbnail\" alt=\"\" loading=\"lazy\" srcset=\"https:\/\/autempssuspendu.net\/site\/wp-content\/uploads\/2018\/07\/massage-sp\u00e9cial-dos-1-150x150.jpg 150w, https:\/\/autempssuspendu.net\/site\/wp-content\/uploads\/2018\/07\/massage-sp\u00e9cial-dos-1-80x80.jpg 80w\" sizes=\"(max-width: 150px) 100vw, 150px\" \/><\/a>\n\t\t\t<\/dt><\/dl><br style=\"clear: both\" \/>\n\t\t<\/div>\n\n<p style=\"text-align: right;\"><span style=\"font-size: 10pt;\"><strong>Dur\u00e9e: 20-55min<\/strong><\/span><\/p>\n<p style=\"text-align: right;\"><span style=\"font-size: 10pt;\"><strong> Dur\u00e9e: de 20-55euros<\/strong><\/span><\/p>\n","protected":false},"excerpt":{"rendered":"<p>Qu&rsquo;est-ce donc? Vous avez besoin de vous reposer, mais vous n&rsquo;avez pas beaucoup de temps devant vous\u00a0? Les Pauses sont faites pour vous\u00a0! Compos\u00e9e d&rsquo;un massage court suivi de 5 <a class=\"more-link\" href=\"https:\/\/autempssuspendu.net\/site\/les-pauses-relaxantes\/\">Lire la suite \u2192<\/a><\/p>\n","protected":false},"author":2,"featured_media":0,"parent":0,"menu_order":0,"comment_status":"closed","ping_status":"closed","template":"","meta":[],"_links":{"self":[{"href":"https:\/\/autempssuspendu.net\/site\/wp-json\/wp\/v2\/pages\/260"}],"collection":[{"href":"https:\/\/autempssuspendu.net\/site\/wp-json\/wp\/v2\/pages"}],"about":[{"href":"https:\/\/autempssuspendu.net\/site\/wp-json\/wp\/v2\/types\/page"}],"author":[{"embeddable":true,"href":"https:\/\/autempssuspendu.net\/site\/wp-json\/wp\/v2\/users\/2"}],"replies":[{"embeddable":true,"href":"https:\/\/autempssuspendu.net\/site\/wp-json\/wp\/v2\/comments?post=260"}],"version-history":[{"count":6,"href":"https:\/\/autempssuspendu.net\/site\/wp-json\/wp\/v2\/pages\/260\/revisions"}],"predecessor-version":[{"id":535,"href":"https:\/\/autempssuspendu.net\/site\/wp-json\/wp\/v2\/pages\/260\/revisions\/535"}],"wp:attachment":[{"href":"https:\/\/autempssuspendu.net\/site\/wp-json\/wp\/v2\/media?parent=260"}],"curies":[{"name":"wp","href":"https:\/\/api.w.org\/{rel}","templated":true}]}}