{"id":267,"date":"2018-07-05T13:45:04","date_gmt":"2018-07-05T11:45:04","guid":{"rendered":"https:\/\/autempssuspendu.net\/site\/?page_id=267"},"modified":"2021-11-12T23:44:15","modified_gmt":"2021-11-12T22:44:15","slug":"les-apres-midi-bien-etre-a-domicile","status":"publish","type":"page","link":"https:\/\/autempssuspendu.net\/site\/les-apres-midi-bien-etre-a-domicile\/","title":{"rendered":"Les Apr\u00e8s-midi bien \u00eatre \u00e0 domicile"},"content":{"rendered":"<p>Vous souhaitez-vous d\u00e9tendre et vous relaxer\u00a0? Vivre un moment de bien-\u00eatre, et de s\u00e9r\u00e9nit\u00e9, entre amis(es)\u00a0? Au temps suspendu propose d\u00e9sormais des apr\u00e8s-midi bien-\u00eatre.\u00a0 Id\u00e9al pour les enterrements de vie de jeune fille, de gar\u00e7on ou une baby-shower ou pour f\u00eater un anniversaire entre amis(es).<\/p>\n<p><strong>Au menu<\/strong><\/p>\n<ul>\n<li><strong> Quelques petites douceurs<\/strong> pour r\u00e9conforter les papilles et le c\u0153ur: -Une boisson. Un th\u00e9\/ un chocolat, ou un jus d&rsquo;orange. -Une sucrerie: un g\u00e2teau ou un biscuit, du chocolat. -Un fruit: Une compote de pomme\/ une salade de fruits ou brochette de fruits.<\/li>\n<li><strong>Une s\u00e9ance de massage par personne<\/strong>\u00a0: au choix massage du visage, des mains, du dos ou des pieds. Possibilit\u00e9 d&rsquo;organiser une s\u00e9ance de sophrologie en collectif en sus. Ou\/et un cours de massage .<\/li>\n<\/ul>\n<p><a href=\"https:\/\/autempssuspendu.net\/site\/wp-content\/uploads\/2021\/11\/APRES-MIDI-BIEN-ETRE-VERSO.pdf\" class=\"pdfemb-viewer\" style=\"\" data-width=\"max\" data-height=\"max\" data-toolbar=\"bottom\" data-toolbar-fixed=\"off\">APRES MIDI BIEN ETRE VERSO<\/a> <a href=\"https:\/\/autempssuspendu.net\/site\/wp-content\/uploads\/2021\/11\/APRES-MIDI-BIEN-ETRE-RECTO.pdf\" class=\"pdfemb-viewer\" style=\"\" data-width=\"max\" data-height=\"max\" data-toolbar=\"bottom\" data-toolbar-fixed=\"off\">APRES MIDI BIEN-ETRE RECTO<\/a><\/p>\n","protected":false},"excerpt":{"rendered":"<p>Vous souhaitez-vous d\u00e9tendre et vous relaxer\u00a0? Vivre un moment de bien-\u00eatre, et de s\u00e9r\u00e9nit\u00e9, entre amis(es)\u00a0? Au temps suspendu propose d\u00e9sormais des apr\u00e8s-midi bien-\u00eatre.\u00a0 Id\u00e9al pour les enterrements de vie <a class=\"more-link\" href=\"https:\/\/autempssuspendu.net\/site\/les-apres-midi-bien-etre-a-domicile\/\">Lire la suite \u2192<\/a><\/p>\n","protected":false},"author":2,"featured_media":0,"parent":0,"menu_order":0,"comment_status":"closed","ping_status":"closed","template":"","meta":[],"_links":{"self":[{"href":"https:\/\/autempssuspendu.net\/site\/wp-json\/wp\/v2\/pages\/267"}],"collection":[{"href":"https:\/\/autempssuspendu.net\/site\/wp-json\/wp\/v2\/pages"}],"about":[{"href":"https:\/\/autempssuspendu.net\/site\/wp-json\/wp\/v2\/types\/page"}],"author":[{"embeddable":true,"href":"https:\/\/autempssuspendu.net\/site\/wp-json\/wp\/v2\/users\/2"}],"replies":[{"embeddable":true,"href":"https:\/\/autempssuspendu.net\/site\/wp-json\/wp\/v2\/comments?post=267"}],"version-history":[{"count":6,"href":"https:\/\/autempssuspendu.net\/site\/wp-json\/wp\/v2\/pages\/267\/revisions"}],"predecessor-version":[{"id":495,"href":"https:\/\/autempssuspendu.net\/site\/wp-json\/wp\/v2\/pages\/267\/revisions\/495"}],"wp:attachment":[{"href":"https:\/\/autempssuspendu.net\/site\/wp-json\/wp\/v2\/media?parent=267"}],"curies":[{"name":"wp","href":"https:\/\/api.w.org\/{rel}","templated":true}]}}