{"id":317,"date":"2018-07-06T20:02:15","date_gmt":"2018-07-06T18:02:15","guid":{"rendered":"https:\/\/autempssuspendu.net\/site\/?page_id=317"},"modified":"2021-11-12T23:14:28","modified_gmt":"2021-11-12T22:14:28","slug":"les-abonnements","status":"publish","type":"page","link":"https:\/\/autempssuspendu.net\/site\/les-abonnements\/","title":{"rendered":"Les abonnements"},"content":{"rendered":"<p><strong>Formule \u00abUn Instant Suspendu\u00bb &#8211;<\/strong><strong> 100<\/strong><strong>\u20acTTC\/mois <\/strong><\/p>\n<p>4 s\u00e9ances de Massage de 30 minutes par mois \u00e0 partir de la date de souscription, au choix: Massage du visage, Massage cr\u00e2nien, Massage du visage + cr\u00e2nien, Massage du visage et des mains, Massage des pieds, Massage du Dos.<\/p>\n<p><strong> Formule \u00ab Un moment de Pure S\u00e9r\u00e9nit\u00e9\u00bb &#8211; 190\u20ac TTC\/mois<\/strong><\/p>\n<p>4 s\u00e9ances de Massage de 50 minutes \u00e0 1 heure par mois \u00e0 partir de la date de souscription, au choix: Relax podale , Polarit\u00e9 de Gordon, Pause Relaxante Deluxe.<\/p>\n<p><strong>Formule \u00ab Pour les Amoureux de l\u2019ayurv\u00e9da \u00bb &#8211; 250\u20ac TTC\/mois<\/strong><\/p>\n<p>4 s\u00e9ances de Massage ayurv\u00e9dique complet d&rsquo;une dur\u00e9e de 1h40\/ 2 heures par mois \u00e0 partir de la Date de souscription.<\/p>\n<p><b>Plusieurs dur\u00e9es d&rsquo;abonnement sont envisageables\u00a0:<\/b><\/p>\n<ul>\n<li>abonnement annuel &#8211; 12 mois.<\/li>\n<li>abonnement semestriel &#8211; 6 mois.<\/li>\n<li>abonnement trimestriel &#8211; 3 mois.<\/li>\n<li>abonnement occasionnel &#8211; 1 mois.<\/li>\n<\/ul>\n","protected":false},"excerpt":{"rendered":"<p>Formule \u00abUn Instant Suspendu\u00bb &#8211; 100\u20acTTC\/mois 4 s\u00e9ances de Massage de 30 minutes par mois \u00e0 partir de la date de souscription, au choix: Massage du visage, Massage cr\u00e2nien, Massage <a class=\"more-link\" href=\"https:\/\/autempssuspendu.net\/site\/les-abonnements\/\">Lire la suite \u2192<\/a><\/p>\n","protected":false},"author":2,"featured_media":0,"parent":0,"menu_order":0,"comment_status":"closed","ping_status":"closed","template":"","meta":[],"_links":{"self":[{"href":"https:\/\/autempssuspendu.net\/site\/wp-json\/wp\/v2\/pages\/317"}],"collection":[{"href":"https:\/\/autempssuspendu.net\/site\/wp-json\/wp\/v2\/pages"}],"about":[{"href":"https:\/\/autempssuspendu.net\/site\/wp-json\/wp\/v2\/types\/page"}],"author":[{"embeddable":true,"href":"https:\/\/autempssuspendu.net\/site\/wp-json\/wp\/v2\/users\/2"}],"replies":[{"embeddable":true,"href":"https:\/\/autempssuspendu.net\/site\/wp-json\/wp\/v2\/comments?post=317"}],"version-history":[{"count":3,"href":"https:\/\/autempssuspendu.net\/site\/wp-json\/wp\/v2\/pages\/317\/revisions"}],"predecessor-version":[{"id":536,"href":"https:\/\/autempssuspendu.net\/site\/wp-json\/wp\/v2\/pages\/317\/revisions\/536"}],"wp:attachment":[{"href":"https:\/\/autempssuspendu.net\/site\/wp-json\/wp\/v2\/media?parent=317"}],"curies":[{"name":"wp","href":"https:\/\/api.w.org\/{rel}","templated":true}]}}