{"id":41,"date":"2018-06-08T12:08:59","date_gmt":"2018-06-08T10:08:59","guid":{"rendered":"http:\/\/autempssuspendu.net\/site\/?page_id=41"},"modified":"2023-02-12T11:14:58","modified_gmt":"2023-02-12T10:14:58","slug":"accueil","status":"publish","type":"page","link":"https:\/\/autempssuspendu.net\/site\/","title":{"rendered":"Accueil"},"content":{"rendered":"<p><span style=\"font-size: 12pt;\"><strong>Mot d&rsquo;Accueil\u00a0<\/strong><\/span><\/p>\n<p><em><span style=\"font-size: 12pt;\">Votre quotidien est stressant? Vous courez partout?<\/span><span style=\"font-size: 12pt;\"> Vous vous sentez stress\u00e9 , fatigu\u00e9? Surmen\u00e9? Irritable? Des petits maux apparaissent: mal de ventre, mal de t\u00eate , sommeil perturb\u00e9&#8230; <\/span><\/em><\/p>\n<p><em><span style=\"font-size: 12pt;\">Il est grand temps de vous accorder une pause&#8230; Prendre du temps pour vous&#8230; Venez vous ressourcer dans un cadre apaisant et agr\u00e9able, \u00e0 25 minutes de Montreuil-sur-mer et \u00e0 10 minutes de Fruges, en plein c\u0153ur du Pays des 7 vall\u00e9es. Je serai \u00e0 votre \u00e9coute pour vous proposer la prestation personnalis\u00e9e qui vous convient le mieux.<\/span><\/em><\/p>\n<p>Certaines de mes prestations\u00a0 telles que la sophrologie et l&rsquo;art-th\u00e9rapie sont rembours\u00e9es par les\u00a0 mutuelles ( voir rubrique remboursement des s\u00e9ances ),\u00a0 pour les autres il existe des abonnements ou des tarifs pr\u00e9f\u00e9rentiels permettant \u00e0 tous de pouvoir en b\u00e9n\u00e9ficier.<\/p>\n<p><em><span style=\"font-size: 12pt;\"> \u00c0 tr\u00e8s vite,\u00a0<\/span><\/em><em style=\"font-weight: 300;\"><span style=\"font-size: 12pt;\">Pauline d&rsquo;\u00a0Au temps Suspendu<\/span><\/em><\/p>\n","protected":false},"excerpt":{"rendered":"<p>Mot d&rsquo;Accueil\u00a0 Votre quotidien est stressant? Vous courez partout? Vous vous sentez stress\u00e9 , fatigu\u00e9? Surmen\u00e9? Irritable? Des petits maux apparaissent: mal de ventre, mal de t\u00eate , sommeil perturb\u00e9&#8230; <a class=\"more-link\" href=\"https:\/\/autempssuspendu.net\/site\/\">Lire la suite \u2192<\/a><\/p>\n","protected":false},"author":1,"featured_media":0,"parent":0,"menu_order":0,"comment_status":"closed","ping_status":"closed","template":"","meta":[],"_links":{"self":[{"href":"https:\/\/autempssuspendu.net\/site\/wp-json\/wp\/v2\/pages\/41"}],"collection":[{"href":"https:\/\/autempssuspendu.net\/site\/wp-json\/wp\/v2\/pages"}],"about":[{"href":"https:\/\/autempssuspendu.net\/site\/wp-json\/wp\/v2\/types\/page"}],"author":[{"embeddable":true,"href":"https:\/\/autempssuspendu.net\/site\/wp-json\/wp\/v2\/users\/1"}],"replies":[{"embeddable":true,"href":"https:\/\/autempssuspendu.net\/site\/wp-json\/wp\/v2\/comments?post=41"}],"version-history":[{"count":22,"href":"https:\/\/autempssuspendu.net\/site\/wp-json\/wp\/v2\/pages\/41\/revisions"}],"predecessor-version":[{"id":237,"href":"https:\/\/autempssuspendu.net\/site\/wp-json\/wp\/v2\/pages\/41\/revisions\/237"}],"wp:attachment":[{"href":"https:\/\/autempssuspendu.net\/site\/wp-json\/wp\/v2\/media?parent=41"}],"curies":[{"name":"wp","href":"https:\/\/api.w.org\/{rel}","templated":true}]}}