{"id":553,"date":"2023-02-12T13:35:02","date_gmt":"2023-02-12T12:35:02","guid":{"rendered":"https:\/\/autempssuspendu.net\/site\/?page_id=553"},"modified":"2023-02-12T14:00:21","modified_gmt":"2023-02-12T13:00:21","slug":"les-tarifs-des-prestations","status":"publish","type":"page","link":"https:\/\/autempssuspendu.net\/site\/les-tarifs-des-prestations\/","title":{"rendered":"Les tarifs des prestations"},"content":{"rendered":"<p><strong>\u00a0<\/strong><\/p>\n<p><strong>Les pauses&#8230;<\/strong><\/p>\n<table class=\"widefat\">\n<tbody class=\"sortableTable\">\n<tr>\n<td>\n<p id=\"prix-tarif\">20\u20ac TTC<\/p>\n<\/td>\n<td>\n<p id=\"intitule-tarif\">la pause relaxante express<\/p>\n<\/td>\n<\/tr>\n<\/tbody>\n<\/table>\n<table class=\"widefat\">\n<tbody class=\"sortableTable\">\n<tr>\n<td>\n<p id=\"prix-tarif\">30\u20ac TTC<\/p>\n<\/td>\n<td>\n<p id=\"intitule-tarif\">la pause relaxante confort<\/p>\n<\/td>\n<\/tr>\n<\/tbody>\n<\/table>\n<table class=\"widefat\">\n<tbody class=\"sortableTable\">\n<tr>\n<td>\n<p id=\"prix-tarif\">55\u20ac TTC<\/p>\n<\/td>\n<td>\n<p id=\"intitule-tarif\">la pause relaxante deluxe<\/p>\n<\/td>\n<\/tr>\n<\/tbody>\n<\/table>\n<table class=\"widefat\">\n<tbody class=\"sortableTable\">\n<tr>\n<td>\n<p id=\"prix-tarif\">45\u20ac TTC<\/p>\n<\/td>\n<td>\n<p id=\"intitule-tarif\">la pause aux pierres chaudes<\/p>\n<\/td>\n<\/tr>\n<\/tbody>\n<\/table>\n<table class=\"widefat\">\n<tbody class=\"sortableTable\">\n<tr>\n<td>\n<p id=\"prix-tarif\">30\u20ac TTC<\/p>\n<\/td>\n<td>\n<p id=\"intitule-tarif\">la pause sp\u00e9ciale dos<\/p>\n<\/td>\n<\/tr>\n<\/tbody>\n<\/table>\n<p><strong>Les massages relaxants<\/strong><\/p>\n<table class=\"widefat\">\n<tbody class=\"sortableTable\">\n<tr>\n<td>\n<p id=\"prix-tarif\">60\u20ac T.T.C.<\/p>\n<\/td>\n<td>\n<p id=\"intitule-tarif\">Shirodhara<\/p>\n<\/td>\n<\/tr>\n<\/tbody>\n<\/table>\n<table class=\"widefat\">\n<tbody class=\"sortableTable\">\n<tr>\n<td>\n<p id=\"prix-tarif\">50\u20ac TTC<\/p>\n<\/td>\n<td>\n<p id=\"intitule-tarif\">la relax podale<\/p>\n<\/td>\n<\/tr>\n<\/tbody>\n<\/table>\n<table class=\"widefat\">\n<tbody class=\"sortableTable\">\n<tr>\n<td>\n<p id=\"prix-tarif\">60\u20ac TTC<\/p>\n<\/td>\n<td>\n<p id=\"intitule-tarif\">la relax podale avec s\u00e9ance de relaxation<\/p>\n<\/td>\n<\/tr>\n<\/tbody>\n<\/table>\n<table class=\"widefat\">\n<tbody class=\"sortableTable\">\n<tr>\n<td>\n<p id=\"prix-tarif\">50\u20ac TTC<\/p>\n<\/td>\n<td>\n<p id=\"intitule-tarif\">la polarit\u00e9 de gordon<\/p>\n<\/td>\n<\/tr>\n<\/tbody>\n<\/table>\n<table class=\"widefat\">\n<tbody class=\"sortableTable\">\n<tr>\n<td>\n<p id=\"prix-tarif\">70\u20ac TTC<\/p>\n<\/td>\n<td>\n<p id=\"intitule-tarif\">la polarit\u00e9 de gordon avec les points sp\u00e9ciques<\/p>\n<\/td>\n<\/tr>\n<\/tbody>\n<\/table>\n<table class=\"widefat\">\n<tbody class=\"sortableTable\">\n<tr>\n<td>\n<p id=\"prix-tarif\">60\u20ac TTC<\/p>\n<\/td>\n<td>\n<p id=\"intitule-tarif\">le massage-ayurv\u00e9da ( face dorsale ou ventrale)<\/p>\n<\/td>\n<\/tr>\n<\/tbody>\n<\/table>\n<table class=\"widefat\">\n<tbody class=\"sortableTable\">\n<tr>\n<td>\n<p id=\"prix-tarif\">90\u20ac TTC<\/p>\n<\/td>\n<td>\n<p id=\"intitule-tarif\">le massage-ayurv\u00e9da (complet)<\/p>\n<\/td>\n<\/tr>\n<\/tbody>\n<\/table>\n<table class=\"widefat\">\n<tbody class=\"sortableTable\">\n<tr>\n<td>\n<p id=\"prix-tarif\">30\u20ac T.T.C.<\/p>\n<\/td>\n<td>\n<p id=\"intitule-tarif\">Le massage-Balinais (face dorsale)<\/p>\n<\/td>\n<\/tr>\n<\/tbody>\n<\/table>\n<table class=\"widefat\">\n<tbody class=\"sortableTable\">\n<tr>\n<td>\n<p id=\"prix-tarif\">60\u20ac T.T.C.<\/p>\n<\/td>\n<td>\n<p id=\"intitule-tarif\">Le massage-Balinais (complet)<\/p>\n<\/td>\n<\/tr>\n<\/tbody>\n<\/table>\n<p><strong>Atelier parent\/ enfant<\/strong><\/p>\n<table class=\"widefat\">\n<tbody class=\"sortableTable\">\n<tr>\n<td>\n<p id=\"prix-tarif\">20\u20ac TTC<\/p>\n<\/td>\n<td>\n<p id=\"intitule-tarif\">Atelier massage et relaxation parent\/enfant<\/p>\n<\/td>\n<\/tr>\n<\/tbody>\n<\/table>\n<table class=\"widefat\">\n<tbody class=\"sortableTable\">\n<tr>\n<td>\n<p id=\"prix-tarif\">40\u20ac T.T.C.<\/p>\n<\/td>\n<td>\n<p id=\"intitule-tarif\">Atelier massage et relaxation parent\/enfant (s\u00e9ance privatis\u00e9e)<\/p>\n<\/td>\n<\/tr>\n<\/tbody>\n<\/table>\n<p><strong>La sophrologie<\/strong><\/p>\n<table class=\"widefat\">\n<tbody class=\"sortableTable\">\n<tr>\n<td>\n<p id=\"prix-tarif\">30\u20ac TTC<\/p>\n<\/td>\n<td>\n<p id=\"intitule-tarif\">Premi\u00e8re consultation <\/p>\n<\/td>\n<\/tr>\n<\/tbody>\n<\/table>\n<table class=\"widefat\">\n<tbody class=\"sortableTable\">\n<tr>\n<td>\n<p id=\"prix-tarif\">45\u20ac TTC<\/p>\n<\/td>\n<td>\n<p id=\"intitule-tarif\">s\u00e9ance individuelle adulte<\/p>\n<\/td>\n<\/tr>\n<\/tbody>\n<\/table>\n<table class=\"widefat\">\n<tbody class=\"sortableTable\">\n<tr>\n<td>\n<p id=\"prix-tarif\">30\u20ac TTC<\/p>\n<\/td>\n<td>\n<p id=\"intitule-tarif\">s\u00e9ance individuelle enfant<\/p>\n<\/td>\n<\/tr>\n<\/tbody>\n<\/table>\n<table class=\"widefat\">\n<tbody class=\"sortableTable\">\n<tr>\n<td>\n<p id=\"prix-tarif\">15\u20ac TTC<\/p>\n<\/td>\n<td>\n<p id=\"intitule-tarif\">s\u00e9ance collective <\/p>\n<\/td>\n<\/tr>\n<\/tbody>\n<\/table>\n<table class=\"widefat\">\n<tbody class=\"sortableTable\">\n<tr>\n<td>\n<p id=\"prix-tarif\">25\u20ac TTC<\/p>\n<\/td>\n<td>\n<p id=\"intitule-tarif\">Entretien de suivi <\/p>\n<\/td>\n<\/tr>\n<\/tbody>\n<\/table>\n<p><strong>L&rsquo;Art- th\u00e9rapie<\/strong><\/p>\n<table class=\"widefat\">\n<tbody class=\"sortableTable\">\n<tr>\n<td>\n<p id=\"prix-tarif\">30\u20ac TTC<\/p>\n<\/td>\n<td>\n<p id=\"intitule-tarif\">premi\u00e8re consultation <\/p>\n<\/td>\n<\/tr>\n<\/tbody>\n<\/table>\n<table class=\"widefat\">\n<tbody class=\"sortableTable\">\n<tr>\n<td>\n<p id=\"prix-tarif\">60\u20ac TTC<\/p>\n<\/td>\n<td>\n<p id=\"intitule-tarif\">s\u00e9ance individuelle adulte<\/p>\n<\/td>\n<\/tr>\n<\/tbody>\n<\/table>\n<table class=\"widefat\">\n<tbody class=\"sortableTable\">\n<tr>\n<td>\n<p id=\"prix-tarif\">45\u20ac TTC<\/p>\n<\/td>\n<td>\n<p id=\"intitule-tarif\">s\u00e9ance individuelle enfant<\/p>\n<\/td>\n<\/tr>\n<\/tbody>\n<\/table>\n<table class=\"widefat\">\n<tbody class=\"sortableTable\">\n<tr>\n<td>\n<p id=\"prix-tarif\">25\u20ac TTC<\/p>\n<\/td>\n<td>\n<p id=\"intitule-tarif\">Entretien de suivi <\/p>\n<\/td>\n<\/tr>\n<\/tbody>\n<\/table>\n<table class=\"widefat\">\n<tbody class=\"sortableTable\">\n<tr>\n<td>\n<p id=\"prix-tarif\">30\u20ac TTC<\/p>\n<\/td>\n<td>\n<p id=\"intitule-tarif\">s\u00e9ance collective <\/p>\n<\/td>\n<\/tr>\n<\/tbody>\n<\/table>\n<p>Les soins propos\u00e9s ne sont pas th\u00e9rapeutiques et ne se substituent donc pas aux actes d&rsquo;un masseur-kin\u00e9sith\u00e9rapeute ni d&rsquo;un m\u00e9decin.<\/p>\n<p>Ils sont \u00e9galement d\u00e9nu\u00e9s de toutes connotations \u00e9rotiques et sexuelles. Tous gestes d\u00e9plac\u00e9s, toute insulte entra\u00eenera imm\u00e9diatement et de mani\u00e8re irr\u00e9vocable l&rsquo;arr\u00eat de la prestation, qui restera d\u00fbe. Des poursuites judiciaires pourront \u00e9galement \u00eatre engag\u00e9es.<\/p>\n<p>&nbsp;<\/p>\n","protected":false},"excerpt":{"rendered":"<p>\u00a0 Les pauses&#8230; Les massages relaxants Atelier parent\/ enfant La sophrologie L&rsquo;Art- th\u00e9rapie Les soins propos\u00e9s ne sont pas th\u00e9rapeutiques et ne se substituent donc pas aux actes d&rsquo;un masseur-kin\u00e9sith\u00e9rapeute <a class=\"more-link\" href=\"https:\/\/autempssuspendu.net\/site\/les-tarifs-des-prestations\/\">Lire la suite \u2192<\/a><\/p>\n","protected":false},"author":2,"featured_media":0,"parent":0,"menu_order":0,"comment_status":"closed","ping_status":"closed","template":"","meta":[],"_links":{"self":[{"href":"https:\/\/autempssuspendu.net\/site\/wp-json\/wp\/v2\/pages\/553"}],"collection":[{"href":"https:\/\/autempssuspendu.net\/site\/wp-json\/wp\/v2\/pages"}],"about":[{"href":"https:\/\/autempssuspendu.net\/site\/wp-json\/wp\/v2\/types\/page"}],"author":[{"embeddable":true,"href":"https:\/\/autempssuspendu.net\/site\/wp-json\/wp\/v2\/users\/2"}],"replies":[{"embeddable":true,"href":"https:\/\/autempssuspendu.net\/site\/wp-json\/wp\/v2\/comments?post=553"}],"version-history":[{"count":8,"href":"https:\/\/autempssuspendu.net\/site\/wp-json\/wp\/v2\/pages\/553\/revisions"}],"predecessor-version":[{"id":573,"href":"https:\/\/autempssuspendu.net\/site\/wp-json\/wp\/v2\/pages\/553\/revisions\/573"}],"wp:attachment":[{"href":"https:\/\/autempssuspendu.net\/site\/wp-json\/wp\/v2\/media?parent=553"}],"curies":[{"name":"wp","href":"https:\/\/api.w.org\/{rel}","templated":true}]}}